{"id":98,"date":"2023-04-06T23:35:02","date_gmt":"2023-04-06T21:35:02","guid":{"rendered":"https:\/\/gluecksgefuehle-weddings.at\/leistung-1\/"},"modified":"2026-04-14T13:43:15","modified_gmt":"2026-04-14T11:43:15","slug":"complete-planning","status":"publish","type":"page","link":"https:\/\/dw-weddings.com\/en\/komplettplanung\/","title":{"rendered":"Complete planning"},"content":{"rendered":"\t\t<div data-elementor-type=\"wp-page\" data-elementor-id=\"98\" class=\"elementor elementor-98\" data-elementor-post-type=\"page\">\n\t\t\t\t\t\t<section class=\"elementor-section elementor-top-section elementor-element elementor-element-61ce95a7 elementor-section-height-min-height elementor-section-items-stretch elementor-section-content-middle elementor-section-boxed elementor-section-height-default\" data-id=\"61ce95a7\" data-element_type=\"section\" data-e-type=\"section\" data-settings=\"{&quot;background_background&quot;:&quot;classic&quot;}\">\n\t\t\t\t\t\t<div class=\"elementor-container elementor-column-gap-no\">\n\t\t\t\t\t<div class=\"elementor-column elementor-col-100 elementor-top-column elementor-element elementor-element-2e80ec9c\" data-id=\"2e80ec9c\" data-element_type=\"column\" data-e-type=\"column\" data-settings=\"{&quot;background_background&quot;:&quot;gradient&quot;,&quot;background_motion_fx_translateY_effect&quot;:&quot;yes&quot;,&quot;background_motion_fx_translateY_speed&quot;:{&quot;unit&quot;:&quot;px&quot;,&quot;size&quot;:8.5,&quot;sizes&quot;:[]},&quot;background_motion_fx_translateY_affectedRange&quot;:{&quot;unit&quot;:&quot;%&quot;,&quot;size&quot;:&quot;&quot;,&quot;sizes&quot;:{&quot;start&quot;:0,&quot;end&quot;:100}},&quot;background_motion_fx_devices&quot;:[&quot;desktop&quot;,&quot;tablet&quot;,&quot;mobile&quot;]}\">\n\t\t\t<div class=\"elementor-widget-wrap elementor-element-populated\">\n\t\t\t\t\t\t<div class=\"elementor-element elementor-element-53f77d38 elementor-invisible elementor-widget elementor-widget-heading\" data-id=\"53f77d38\" data-element_type=\"widget\" data-e-type=\"widget\" data-settings=\"{&quot;_animation&quot;:&quot;fadeIn&quot;}\" data-widget_type=\"heading.default\">\n\t\t\t\t<div class=\"elementor-widget-container\">\n\t\t\t\t\t<h1 class=\"elementor-heading-title elementor-size-default\">Full Service Hochzeitsplanung<\/h1>\t\t\t\t<\/div>\n\t\t\t\t<\/div>\n\t\t\t\t<div class=\"elementor-element elementor-element-8b81808 elementor-widget elementor-widget-text-editor\" data-id=\"8b81808\" data-element_type=\"widget\" data-e-type=\"widget\" data-widget_type=\"text-editor.default\">\n\t\t\t\t<div class=\"elementor-widget-container\">\n\t\t\t\t\t\t\t\t\t<p>Ich \u00fcbernehme die komplette Planung eurer Hochzeit \u2013 von der ersten Idee bis zur Umsetzung am gro\u00dfen Tag. Ihr gebt kein Paket ab, ihr investiert in eine ma\u00dfgeschneiderte Erfahrung, bei der jedes Element stilistisch und organisatorisch sitzt.<\/p>\t\t\t\t\t\t\t\t<\/div>\n\t\t\t\t<\/div>\n\t\t\t\t\t<\/div>\n\t\t<\/div>\n\t\t\t\t\t<\/div>\n\t\t<\/section>\n\t\t<div class=\"elementor-element elementor-element-518b2a9 e-con-full e-flex e-con e-parent\" data-id=\"518b2a9\" data-element_type=\"container\" data-e-type=\"container\">\n\t\t<div class=\"elementor-element elementor-element-f10fedc e-con-full e-flex e-con e-child\" data-id=\"f10fedc\" data-element_type=\"container\" data-e-type=\"container\">\n\t\t<div class=\"elementor-element elementor-element-77f4e0f e-con-full e-flex e-con e-child\" data-id=\"77f4e0f\" data-element_type=\"container\" data-e-type=\"container\">\n\t\t<div class=\"elementor-element elementor-element-5c24e7e e-con-full e-flex e-con e-child\" data-id=\"5c24e7e\" data-element_type=\"container\" data-e-type=\"container\">\n\t\t\t\t<div class=\"elementor-element elementor-element-7f30bca elementor-widget elementor-widget-image\" data-id=\"7f30bca\" data-element_type=\"widget\" data-e-type=\"widget\" data-widget_type=\"image.default\">\n\t\t\t\t<div class=\"elementor-widget-container\">\n\t\t\t\t\t\t\t\t\t\t\t\t\t\t\t<img fetchpriority=\"high\" decoding=\"async\" width=\"683\" height=\"1024\" src=\"https:\/\/dw-weddings.com\/wp-content\/uploads\/2024\/10\/Elegant-und-luxury-Wedding-Austria-5-683x1024.jpg\" class=\"attachment-large size-large wp-image-2804\" alt=\"Eine Braut mit langem Schleier geht mit einem Mann im Freien spazieren, ihr Brautstrau\u00df und ihr Schleier h\u00e4ngen im Sonnenlicht hinter ihr her und fangen die Romantik eines Hochzeitstages in der malerischen Bodensee-Region ein.\" srcset=\"https:\/\/dw-weddings.com\/wp-content\/uploads\/2024\/10\/Elegant-und-luxury-Wedding-Austria-5-683x1024.jpg 683w, https:\/\/dw-weddings.com\/wp-content\/uploads\/2024\/10\/Elegant-und-luxury-Wedding-Austria-5-200x300.jpg 200w, https:\/\/dw-weddings.com\/wp-content\/uploads\/2024\/10\/Elegant-und-luxury-Wedding-Austria-5-768x1152.jpg 768w, https:\/\/dw-weddings.com\/wp-content\/uploads\/2024\/10\/Elegant-und-luxury-Wedding-Austria-5-1024x1536.jpg 1024w, https:\/\/dw-weddings.com\/wp-content\/uploads\/2024\/10\/Elegant-und-luxury-Wedding-Austria-5-1366x2048.jpg 1366w, https:\/\/dw-weddings.com\/wp-content\/uploads\/2024\/10\/Elegant-und-luxury-Wedding-Austria-5-scaled.jpg 1707w\" sizes=\"(max-width: 683px) 100vw, 683px\" \/>\t\t\t\t\t\t\t\t\t\t\t\t\t\t\t<\/div>\n\t\t\t\t<\/div>\n\t\t\t\t<\/div>\n\t\t<div class=\"elementor-element elementor-element-71f34aa e-con-full e-flex e-con e-child\" data-id=\"71f34aa\" data-element_type=\"container\" data-e-type=\"container\">\n\t\t\t\t<div class=\"elementor-element elementor-element-34386a7 elementor-widget elementor-widget-image\" data-id=\"34386a7\" data-element_type=\"widget\" data-e-type=\"widget\" data-widget_type=\"image.default\">\n\t\t\t\t<div class=\"elementor-widget-container\">\n\t\t\t\t\t\t\t\t\t\t\t\t\t\t\t<img decoding=\"async\" width=\"683\" height=\"1024\" src=\"https:\/\/dw-weddings.com\/wp-content\/uploads\/2024\/10\/Weddingplanner-Swiss-Austria-6-683x1024.jpg\" class=\"attachment-large size-large wp-image-2748\" alt=\"Ein Strau\u00df wei\u00dfer Hortensien mit wei\u00dfer Schleife ruht auf einem wei\u00dfen Sims, perfekt f\u00fcr ein Hochzeitswochenende in der Schweiz oder \u00d6sterreich.\" srcset=\"https:\/\/dw-weddings.com\/wp-content\/uploads\/2024\/10\/Weddingplanner-Swiss-Austria-6-683x1024.jpg 683w, https:\/\/dw-weddings.com\/wp-content\/uploads\/2024\/10\/Weddingplanner-Swiss-Austria-6-200x300.jpg 200w, https:\/\/dw-weddings.com\/wp-content\/uploads\/2024\/10\/Weddingplanner-Swiss-Austria-6-768x1152.jpg 768w, https:\/\/dw-weddings.com\/wp-content\/uploads\/2024\/10\/Weddingplanner-Swiss-Austria-6-1024x1536.jpg 1024w, https:\/\/dw-weddings.com\/wp-content\/uploads\/2024\/10\/Weddingplanner-Swiss-Austria-6.jpg 1067w\" sizes=\"(max-width: 683px) 100vw, 683px\" \/>\t\t\t\t\t\t\t\t\t\t\t\t\t\t\t<\/div>\n\t\t\t\t<\/div>\n\t\t\t\t<\/div>\n\t\t<div class=\"elementor-element elementor-element-56f9da2 e-con-full e-flex e-con e-child\" data-id=\"56f9da2\" data-element_type=\"container\" data-e-type=\"container\">\n\t\t\t\t<div class=\"elementor-element elementor-element-030a70c elementor-widget elementor-widget-image\" data-id=\"030a70c\" data-element_type=\"widget\" data-e-type=\"widget\" data-widget_type=\"image.default\">\n\t\t\t\t<div class=\"elementor-widget-container\">\n\t\t\t\t\t\t\t\t\t\t\t\t\t\t\t<img decoding=\"async\" width=\"683\" height=\"1024\" src=\"https:\/\/dw-weddings.com\/wp-content\/uploads\/2024\/10\/Weddingplanner-Swiss-Austria-10-683x1024.jpg\" class=\"attachment-large size-large wp-image-2752\" alt=\"Braut und Br\u00e4utigam l\u00e4cheln sich an ihrem Hochzeitswochenende in der malerischen Bodenseeregion unter einem Schleier z\u00e4rtlich an.\" srcset=\"https:\/\/dw-weddings.com\/wp-content\/uploads\/2024\/10\/Weddingplanner-Swiss-Austria-10-683x1024.jpg 683w, https:\/\/dw-weddings.com\/wp-content\/uploads\/2024\/10\/Weddingplanner-Swiss-Austria-10-200x300.jpg 200w, https:\/\/dw-weddings.com\/wp-content\/uploads\/2024\/10\/Weddingplanner-Swiss-Austria-10-768x1152.jpg 768w, https:\/\/dw-weddings.com\/wp-content\/uploads\/2024\/10\/Weddingplanner-Swiss-Austria-10-1024x1536.jpg 1024w, https:\/\/dw-weddings.com\/wp-content\/uploads\/2024\/10\/Weddingplanner-Swiss-Austria-10.jpg 1067w\" sizes=\"(max-width: 683px) 100vw, 683px\" \/>\t\t\t\t\t\t\t\t\t\t\t\t\t\t\t<\/div>\n\t\t\t\t<\/div>\n\t\t\t\t<\/div>\n\t\t\t\t<\/div>\n\t\t\t\t<div class=\"elementor-element elementor-element-830c236 elementor-widget__width-initial elementor-widget elementor-widget-text-editor\" data-id=\"830c236\" data-element_type=\"widget\" data-e-type=\"widget\" data-widget_type=\"text-editor.default\">\n\t\t\t\t<div class=\"elementor-widget-container\">\n\t\t\t\t\t\t\t\t\t<p>Die Komplettplanung ist wie ein All-inklusive-Urlaub, bei dem ihr euch entspannt zur\u00fccklehnen k\u00f6nnt und mir die Planung und Organisation eurer kompletten Hochzeit \u00fcberl\u00e4sst. Ich k\u00fcmmere mich um die Recherche, Angebotseinholung und Vertragsabschl\u00fcsse aller von euch ausgew\u00e4hlten Dienstleistern. Zudem werde ich f\u00fcr euch einen detaillierten Budget- und Zeitplan erstellen, anhand eurer Vorgaben und von A (wie Antrag) bis Z (f\u00fcr Zeremonie) daf\u00fcr sorgen, dass alles perfekt geplant wird.<\/p>\t\t\t\t\t\t\t\t<\/div>\n\t\t\t\t<\/div>\n\t\t\t\t<div class=\"elementor-element elementor-element-d039d8c elementor-widget elementor-widget-text-editor\" data-id=\"d039d8c\" data-element_type=\"widget\" data-e-type=\"widget\" data-widget_type=\"text-editor.default\">\n\t\t\t\t<div class=\"elementor-widget-container\">\n\t\t\t\t\t\t\t\t\t<p style=\"text-align: left;\">Ablauf der Komplettplanung:<\/p>\t\t\t\t\t\t\t\t<\/div>\n\t\t\t\t<\/div>\n\t\t\t\t<div class=\"elementor-element elementor-element-da62c31 elementor-widget__width-initial elementor-widget elementor-widget-text-editor\" data-id=\"da62c31\" data-element_type=\"widget\" data-e-type=\"widget\" data-widget_type=\"text-editor.default\">\n\t\t\t\t<div class=\"elementor-widget-container\">\n\t\t\t\t\t\t\t\t\t<ul><li style=\"text-align: left;\">5 &#8211; 6 Planungsgespr\u00e4che und eine laufende Abstimmung untereinander<\/li><li>Erstellung von Budget- und Zeitplan, welche individuell auf Euch angepasst sind<\/li><li>Locationsuche anhand Eurer Vorgaben und Pr\u00fcfung auf Verf\u00fcgbarkeit<\/li><li>Einholung der Angebote und Vermittlung mit allen gew\u00fcnschten Hochzeitsdienstleistern<\/li><li>Konkrete Absprache und Koordination mit den Hochzeitsdienstleistern<\/li><li>Erstellung eines einheitlichen Hochzeitskonzepts (Floristik, Dekoration etc.) nach Euren Vorstellungen<\/li><li>Detaillierter Tagesplan f\u00fcr den Hochzeitstag<\/li><li>Betreuung und Beratung w\u00e4hrend der gesamten Planungsphase<\/li><\/ul>\t\t\t\t\t\t\t\t<\/div>\n\t\t\t\t<\/div>\n\t\t\t\t<div class=\"elementor-element elementor-element-4042589 elementor-widget elementor-widget-spacer\" data-id=\"4042589\" data-element_type=\"widget\" data-e-type=\"widget\" data-widget_type=\"spacer.default\">\n\t\t\t\t<div class=\"elementor-widget-container\">\n\t\t\t\t\t\t\t<div class=\"elementor-spacer\">\n\t\t\t<div class=\"elementor-spacer-inner\"><\/div>\n\t\t<\/div>\n\t\t\t\t\t\t<\/div>\n\t\t\t\t<\/div>\n\t\t\t\t<div class=\"elementor-element elementor-element-ac574d2 elementor-align-left elementor-tablet-align-left elementor-widget elementor-widget-global elementor-global-8937 elementor-widget-button\" data-id=\"ac574d2\" data-element_type=\"widget\" data-e-type=\"widget\" data-widget_type=\"button.default\">\n\t\t\t\t<div class=\"elementor-widget-container\">\n\t\t\t\t\t\t\t\t\t<div class=\"elementor-button-wrapper\">\n\t\t\t\t\t<a class=\"elementor-button elementor-button-link elementor-size-sm elementor-animation-hang\" href=\"https:\/\/dw-weddings.com\/en\/kontakt\/\">\n\t\t\t\t\t\t<span class=\"elementor-button-content-wrapper\">\n\t\t\t\t\t\t\t\t\t<span class=\"elementor-button-text\">ZUM KOSTENLOSEN BERATUNGSGESPR\u00c4CH \u27f6<\/span>\n\t\t\t\t\t<\/span>\n\t\t\t\t\t<\/a>\n\t\t\t\t<\/div>\n\t\t\t\t\t\t\t\t<\/div>\n\t\t\t\t<\/div>\n\t\t\t\t<\/div>\n\t\t\t\t<\/div>\n\t\t<div class=\"elementor-element elementor-element-8597ed9 e-flex e-con-boxed e-con e-parent\" data-id=\"8597ed9\" data-element_type=\"container\" data-e-type=\"container\" data-settings=\"{&quot;background_background&quot;:&quot;classic&quot;}\">\n\t\t\t\t\t<div class=\"e-con-inner\">\n\t\t\t\t\t<\/div>\n\t\t\t\t<\/div>\n\t\t<div class=\"elementor-element elementor-element-0351a6a e-flex e-con-boxed e-con e-parent\" data-id=\"0351a6a\" data-element_type=\"container\" data-e-type=\"container\" data-settings=\"{&quot;background_background&quot;:&quot;classic&quot;}\">\n\t\t\t\t\t<div class=\"e-con-inner\">\n\t\t\t\t<div class=\"elementor-element elementor-element-45fab99 elementor-widget elementor-widget-image\" data-id=\"45fab99\" data-element_type=\"widget\" data-e-type=\"widget\" data-widget_type=\"image.default\">\n\t\t\t\t<div class=\"elementor-widget-container\">\n\t\t\t\t\t\t\t\t\t\t\t\t\t\t\t<img loading=\"lazy\" decoding=\"async\" width=\"300\" height=\"300\" src=\"https:\/\/dw-weddings.com\/wp-content\/uploads\/2026\/04\/denise-wolf-weddings-logo3-300x300.png\" class=\"attachment-medium size-medium wp-image-9531\" alt=\"\" srcset=\"https:\/\/dw-weddings.com\/wp-content\/uploads\/2026\/04\/denise-wolf-weddings-logo3-300x300.png 300w, https:\/\/dw-weddings.com\/wp-content\/uploads\/2026\/04\/denise-wolf-weddings-logo3-1024x1024.png 1024w, https:\/\/dw-weddings.com\/wp-content\/uploads\/2026\/04\/denise-wolf-weddings-logo3-150x150.png 150w, https:\/\/dw-weddings.com\/wp-content\/uploads\/2026\/04\/denise-wolf-weddings-logo3-768x768.png 768w, https:\/\/dw-weddings.com\/wp-content\/uploads\/2026\/04\/denise-wolf-weddings-logo3-1536x1536.png 1536w, https:\/\/dw-weddings.com\/wp-content\/uploads\/2026\/04\/denise-wolf-weddings-logo3-2048x2048.png 2048w, https:\/\/dw-weddings.com\/wp-content\/uploads\/2026\/04\/denise-wolf-weddings-logo3-12x12.png 12w\" sizes=\"(max-width: 300px) 100vw, 300px\" \/>\t\t\t\t\t\t\t\t\t\t\t\t\t\t\t<\/div>\n\t\t\t\t<\/div>\n\t\t\t\t\t<\/div>\n\t\t\t\t<\/div>\n\t\t\t\t<section class=\"elementor-section elementor-top-section elementor-element elementor-element-3cc8aaa5 elementor-section-full_width elementor-section-height-min-height elementor-section-items-stretch elementor-section-content-middle elementor-reverse-mobile elementor-section-height-default\" data-id=\"3cc8aaa5\" data-element_type=\"section\" data-e-type=\"section\">\n\t\t\t\t\t\t<div class=\"elementor-container elementor-column-gap-no\">\n\t\t\t\t\t<div class=\"elementor-column elementor-col-50 elementor-top-column elementor-element elementor-element-3245aba9\" data-id=\"3245aba9\" data-element_type=\"column\" data-e-type=\"column\" data-settings=\"{&quot;background_background&quot;:&quot;classic&quot;}\">\n\t\t\t<div class=\"elementor-widget-wrap elementor-element-populated\">\n\t\t\t\t\t\t<div class=\"elementor-element elementor-element-77cd8e03 elementor-invisible elementor-widget elementor-widget-heading\" data-id=\"77cd8e03\" data-element_type=\"widget\" data-e-type=\"widget\" data-settings=\"{&quot;_animation&quot;:&quot;fadeIn&quot;}\" data-widget_type=\"heading.default\">\n\t\t\t\t<div class=\"elementor-widget-container\">\n\t\t\t\t\t<h2 class=\"elementor-heading-title elementor-size-default\">Eure Vorteile bei der Komplettplanung<\/h2>\t\t\t\t<\/div>\n\t\t\t\t<\/div>\n\t\t\t\t<div class=\"elementor-element elementor-element-14718b51 elementor-widget__width-initial elementor-widget elementor-widget-text-editor\" data-id=\"14718b51\" data-element_type=\"widget\" data-e-type=\"widget\" data-widget_type=\"text-editor.default\">\n\t\t\t\t<div class=\"elementor-widget-container\">\n\t\t\t\t\t\t\t\t\t<p>Gerade heutzutage ist Zeit das Wertvollste, was man sich gegenseitig schenken kann. Die Planung einer Hochzeitsfeier ist sehr zeitintensiv und bedeutet, dass ihr euch viele Stunden und Abende nach der Arbeit oder wenn die Kinder im Bett sind noch mit Dienstleisterrecherchen, Locationbesichtigungen, Absprachen &amp; endlosen Vertr\u00e4gen herumschlagen m\u00fcsst. Dies bedeutet ein zus\u00e4tzlicher (unn\u00f6tiger) Stressfaktor f\u00fcr euch als Paar. Die Zeit mit dem Partner, gemeinsame Erlebnisse und Ausfl\u00fcge, Abendessen zu Zweit, spontane Kurztrips oder auch generell Zeit mit der ganzen Familie sollte niemals zu kurz kommen. Verbringt die Zeit doch lieber gemeinsam und \u00fcberlasst mir den \u201estressigen Part\u201c der Planung. Ihr genie\u00dft die sch\u00f6nen Dinge der Vorbereitung von der Brautkleidanprobe bis zum Junggesellen\/innen-Abschied mit euren engsten Freunden.<\/p><p>Gerade aus Erfahrung wei\u00df ich, dass man vielfach erst im Laufe der Planung oder gegen Ende der Planung merkt, wir sehr einen alles \u00fcberfordert, die Nerven liegen blank und st\u00e4ndig hat man diese Gedanken, ob man denn wirklich nichts vergessen hat und ob am Tag selber wirklich alles so aufgeht mit dem Zeitplan und den gebuchten Dienstleistern.<\/p><p>Ich helfe euch dabei, einen roten Faden ins Konzept zu bringen und diese Gedanken gar nicht erst aufkommen zu lassen.<\/p>\t\t\t\t\t\t\t\t<\/div>\n\t\t\t\t<\/div>\n\t\t\t\t<div class=\"elementor-element elementor-element-023b1be elementor-widget elementor-widget-spacer\" data-id=\"023b1be\" data-element_type=\"widget\" data-e-type=\"widget\" data-widget_type=\"spacer.default\">\n\t\t\t\t<div class=\"elementor-widget-container\">\n\t\t\t\t\t\t\t<div class=\"elementor-spacer\">\n\t\t\t<div class=\"elementor-spacer-inner\"><\/div>\n\t\t<\/div>\n\t\t\t\t\t\t<\/div>\n\t\t\t\t<\/div>\n\t\t\t\t<div class=\"elementor-element elementor-element-b431513 elementor-align-left elementor-tablet-align-left elementor-widget elementor-widget-global elementor-global-8937 elementor-widget-button\" data-id=\"b431513\" data-element_type=\"widget\" data-e-type=\"widget\" data-widget_type=\"button.default\">\n\t\t\t\t<div class=\"elementor-widget-container\">\n\t\t\t\t\t\t\t\t\t<div class=\"elementor-button-wrapper\">\n\t\t\t\t\t<a class=\"elementor-button elementor-button-link elementor-size-sm elementor-animation-hang\" href=\"https:\/\/dw-weddings.com\/en\/kontakt\/\">\n\t\t\t\t\t\t<span class=\"elementor-button-content-wrapper\">\n\t\t\t\t\t\t\t\t\t<span class=\"elementor-button-text\">ZUM KOSTENLOSEN BERATUNGSGESPR\u00c4CH \u27f6<\/span>\n\t\t\t\t\t<\/span>\n\t\t\t\t\t<\/a>\n\t\t\t\t<\/div>\n\t\t\t\t\t\t\t\t<\/div>\n\t\t\t\t<\/div>\n\t\t\t\t<div class=\"elementor-element elementor-element-0c6229e elementor-widget elementor-widget-spacer\" data-id=\"0c6229e\" data-element_type=\"widget\" data-e-type=\"widget\" data-widget_type=\"spacer.default\">\n\t\t\t\t<div class=\"elementor-widget-container\">\n\t\t\t\t\t\t\t<div class=\"elementor-spacer\">\n\t\t\t<div class=\"elementor-spacer-inner\"><\/div>\n\t\t<\/div>\n\t\t\t\t\t\t<\/div>\n\t\t\t\t<\/div>\n\t\t\t\t\t<\/div>\n\t\t<\/div>\n\t\t\t\t<div class=\"elementor-column elementor-col-50 elementor-top-column elementor-element elementor-element-18d60c2a elementor-hidden-mobile\" data-id=\"18d60c2a\" data-element_type=\"column\" data-e-type=\"column\" data-settings=\"{&quot;background_background&quot;:&quot;classic&quot;}\">\n\t\t\t<div class=\"elementor-widget-wrap\">\n\t\t\t\t\t\t\t<\/div>\n\t\t<\/div>\n\t\t\t\t\t<\/div>\n\t\t<\/section>\n\t\t\t\t<section class=\"elementor-section elementor-top-section elementor-element elementor-element-45406589 elementor-section-height-min-height elementor-section-full_width elementor-section-items-stretch elementor-section-content-middle elementor-section-height-default\" data-id=\"45406589\" data-element_type=\"section\" data-e-type=\"section\" data-settings=\"{&quot;background_background&quot;:&quot;classic&quot;}\">\n\t\t\t\t\t\t<div class=\"elementor-container elementor-column-gap-no\">\n\t\t\t\t\t<div class=\"elementor-column elementor-col-50 elementor-top-column elementor-element elementor-element-8f85df4\" data-id=\"8f85df4\" data-element_type=\"column\" data-e-type=\"column\" data-settings=\"{&quot;background_background&quot;:&quot;classic&quot;}\">\n\t\t\t<div class=\"elementor-widget-wrap elementor-element-populated\">\n\t\t\t\t\t\t<div class=\"elementor-element elementor-element-f27f542 elementor-widget elementor-widget-heading\" data-id=\"f27f542\" data-element_type=\"widget\" data-e-type=\"widget\" data-widget_type=\"heading.default\">\n\t\t\t\t<div class=\"elementor-widget-container\">\n\t\t\t\t\t<h2 class=\"elementor-heading-title elementor-size-default\">Kontakt aufnehmen<\/h2>\t\t\t\t<\/div>\n\t\t\t\t<\/div>\n\t\t\t\t<div class=\"elementor-element elementor-element-51c858a2 elementor-widget elementor-widget-text-editor\" data-id=\"51c858a2\" data-element_type=\"widget\" data-e-type=\"widget\" data-widget_type=\"text-editor.default\">\n\t\t\t\t<div class=\"elementor-widget-container\">\n\t\t\t\t\t\t\t\t\t<p style=\"text-align: left;\">Na, neugierig geworden?\u00a0 Meldet euch doch gerne \u00fcber das Kontaktformular, ich freue mich von euch zu h\u00f6ren und werde mich innerhalb von 48 h bei euch melden.<\/p>\t\t\t\t\t\t\t\t<\/div>\n\t\t\t\t<\/div>\n\t\t\t\t<div class=\"elementor-element elementor-element-e2bc220 elementor-align-left elementor-tablet-align-left elementor-widget elementor-widget-global elementor-global-8937 elementor-widget-button\" data-id=\"e2bc220\" data-element_type=\"widget\" data-e-type=\"widget\" data-widget_type=\"button.default\">\n\t\t\t\t<div class=\"elementor-widget-container\">\n\t\t\t\t\t\t\t\t\t<div class=\"elementor-button-wrapper\">\n\t\t\t\t\t<a class=\"elementor-button elementor-button-link elementor-size-sm elementor-animation-hang\" href=\"https:\/\/dw-weddings.com\/en\/kontakt\/\">\n\t\t\t\t\t\t<span class=\"elementor-button-content-wrapper\">\n\t\t\t\t\t\t\t\t\t<span class=\"elementor-button-text\">ZUM KOSTENLOSEN BERATUNGSGESPR\u00c4CH \u27f6<\/span>\n\t\t\t\t\t<\/span>\n\t\t\t\t\t<\/a>\n\t\t\t\t<\/div>\n\t\t\t\t\t\t\t\t<\/div>\n\t\t\t\t<\/div>\n\t\t\t\t\t<\/div>\n\t\t<\/div>\n\t\t\t\t<div class=\"elementor-column elementor-col-50 elementor-top-column elementor-element elementor-element-bd80bd4\" data-id=\"bd80bd4\" data-element_type=\"column\" data-e-type=\"column\" data-settings=\"{&quot;background_background&quot;:&quot;classic&quot;,&quot;background_motion_fx_motion_fx_scrolling&quot;:&quot;yes&quot;,&quot;background_motion_fx_translateY_effect&quot;:&quot;yes&quot;,&quot;background_motion_fx_translateY_speed&quot;:{&quot;unit&quot;:&quot;px&quot;,&quot;size&quot;:4,&quot;sizes&quot;:[]},&quot;background_motion_fx_translateY_affectedRange&quot;:{&quot;unit&quot;:&quot;%&quot;,&quot;size&quot;:&quot;&quot;,&quot;sizes&quot;:{&quot;start&quot;:0,&quot;end&quot;:100}},&quot;background_motion_fx_devices&quot;:[&quot;desktop&quot;,&quot;tablet&quot;,&quot;mobile&quot;]}\">\n\t\t\t<div class=\"elementor-widget-wrap elementor-element-populated\">\n\t\t\t\t\t\t<div class=\"elementor-element elementor-element-6db5241b elementor-widget elementor-widget-spacer\" data-id=\"6db5241b\" data-element_type=\"widget\" data-e-type=\"widget\" data-widget_type=\"spacer.default\">\n\t\t\t\t<div class=\"elementor-widget-container\">\n\t\t\t\t\t\t\t<div class=\"elementor-spacer\">\n\t\t\t<div class=\"elementor-spacer-inner\"><\/div>\n\t\t<\/div>\n\t\t\t\t\t\t<\/div>\n\t\t\t\t<\/div>\n\t\t\t\t\t<\/div>\n\t\t<\/div>\n\t\t\t\t\t<\/div>\n\t\t<\/section>\n\t\t\t\t<\/div>\n\t\t","protected":false},"excerpt":{"rendered":"<p>Full Service Hochzeitsplanung Ich \u00fcbernehme die komplette Planung eurer Hochzeit \u2013 von der ersten Idee bis zur Umsetzung am gro\u00dfen Tag. Ihr gebt kein Paket ab, ihr investiert in eine ma\u00dfgeschneiderte Erfahrung, bei der jedes Element stilistisch und organisatorisch sitzt. Die Komplettplanung ist wie ein All-inklusive-Urlaub, bei dem ihr euch entspannt zur\u00fccklehnen k\u00f6nnt und mir [&hellip;]<\/p>\n","protected":false},"author":1,"featured_media":0,"parent":0,"menu_order":0,"comment_status":"closed","ping_status":"closed","template":"elementor_header_footer","meta":{"_acf_changed":false,"footnotes":""},"class_list":["post-98","page","type-page","status-publish","hentry"],"acf":[],"_links":{"self":[{"href":"https:\/\/dw-weddings.com\/en\/wp-json\/wp\/v2\/pages\/98","targetHints":{"allow":["GET"]}}],"collection":[{"href":"https:\/\/dw-weddings.com\/en\/wp-json\/wp\/v2\/pages"}],"about":[{"href":"https:\/\/dw-weddings.com\/en\/wp-json\/wp\/v2\/types\/page"}],"author":[{"embeddable":true,"href":"https:\/\/dw-weddings.com\/en\/wp-json\/wp\/v2\/users\/1"}],"replies":[{"embeddable":true,"href":"https:\/\/dw-weddings.com\/en\/wp-json\/wp\/v2\/comments?post=98"}],"version-history":[{"count":10,"href":"https:\/\/dw-weddings.com\/en\/wp-json\/wp\/v2\/pages\/98\/revisions"}],"predecessor-version":[{"id":9560,"href":"https:\/\/dw-weddings.com\/en\/wp-json\/wp\/v2\/pages\/98\/revisions\/9560"}],"wp:attachment":[{"href":"https:\/\/dw-weddings.com\/en\/wp-json\/wp\/v2\/media?parent=98"}],"curies":[{"name":"wp","href":"https:\/\/api.w.org\/{rel}","templated":true}]}}