{"id":9304,"date":"2026-02-19T10:17:08","date_gmt":"2026-02-19T09:17:08","guid":{"rendered":"https:\/\/gluecksgefuehle-weddings.at\/?page_id=9304"},"modified":"2026-02-19T10:18:00","modified_gmt":"2026-02-19T09:18:00","slug":"video-wedding-lake-constance","status":"publish","type":"page","link":"https:\/\/dw-weddings.com\/en\/video-hochzeiten-bodensee\/","title":{"rendered":"Video: Hochzeiten rund um den Bodensee"},"content":{"rendered":"\t\t<div data-elementor-type=\"wp-page\" data-elementor-id=\"9304\" class=\"elementor elementor-9304\" data-elementor-post-type=\"page\">\n\t\t\t\t<div class=\"elementor-element elementor-element-1e70c2ef e-con-full e-flex e-con e-parent\" data-id=\"1e70c2ef\" data-element_type=\"container\" data-e-type=\"container\" data-settings=\"{&quot;background_background&quot;:&quot;classic&quot;}\">\n\t\t<div class=\"elementor-element elementor-element-56d356f5 e-con-full e-flex e-con e-child\" data-id=\"56d356f5\" data-element_type=\"container\" data-e-type=\"container\">\n\t\t\t\t<div class=\"elementor-element elementor-element-254a0667 elementor-widget elementor-widget-heading\" data-id=\"254a0667\" data-element_type=\"widget\" data-e-type=\"widget\" data-widget_type=\"heading.default\">\n\t\t\t\t<div class=\"elementor-widget-container\">\n\t\t\t\t\t<h1 class=\"elementor-heading-title elementor-size-default\">Hochzeiten rund um den Bodensee<\/h1>\t\t\t\t<\/div>\n\t\t\t\t<\/div>\n\t\t\t\t<div class=\"elementor-element elementor-element-6f58b0c elementor-widget elementor-widget-heading\" data-id=\"6f58b0c\" data-element_type=\"widget\" data-e-type=\"widget\" data-widget_type=\"heading.default\">\n\t\t\t\t<div class=\"elementor-widget-container\">\n\t\t\t\t\t<h3 class=\"elementor-heading-title elementor-size-default\">So wird euer Wedding-Weekend im Dreil\u00e4ndereck zum absoluten Highlight<\/h3>\t\t\t\t<\/div>\n\t\t\t\t<\/div>\n\t\t\t\t<\/div>\n\t\t\t\t<\/div>\n\t\t<div class=\"elementor-element elementor-element-3943fa11 e-con-full e-flex e-con e-parent\" data-id=\"3943fa11\" data-element_type=\"container\" data-e-type=\"container\">\n\t\t<div class=\"elementor-element elementor-element-a33e84f e-con-full e-flex e-con e-child\" data-id=\"a33e84f\" data-element_type=\"container\" data-e-type=\"container\">\n\t\t\t\t<div class=\"elementor-element elementor-element-672d891f elementor-widget elementor-widget-text-editor\" data-id=\"672d891f\" data-element_type=\"widget\" data-e-type=\"widget\" data-widget_type=\"text-editor.default\">\n\t\t\t\t<div class=\"elementor-widget-container\">\n\t\t\t\t\t\t\t\t\t<p>Ich habe dieses Video gedreht, weil viele Paare vom Heiraten am Bodensee tr\u00e4umen, ohne zu wissen, was ein Wedding-Weekend im Dreil\u00e4ndereck wirklich bedeutet.<\/p>\n<p><span style=\"letter-spacing: 0px;\">Eine Hochzeit zwischen Deutschland, \u00d6sterreich und der Schweiz wirkt entspannt. In der Realit\u00e4t kommen unterschiedliche Dienstleister, Vorschriften, Wege und Zeitpl\u00e4ne zusammen.<\/span><\/p>\n<p><span style=\"letter-spacing: 0px;\">Genau hier entscheidet sich, ob euer Wochenende strukturiert abl\u00e4uft oder ob ihr st\u00e4ndig improvisieren m\u00fcsst.<\/span><\/p>\n<p>In diesem Video zeige ich euch konkret, worauf es bei Hochzeiten rund um den Bodensee ankommt, welche Besonderheiten ihr beachten solltet und wie eure Hochzeit zum absoluten Highlight wird!<\/p>\t\t\t\t\t\t\t\t<\/div>\n\t\t\t\t<\/div>\n\t\t\t\t<div class=\"elementor-element elementor-element-2a8e3846 elementor-align-left elementor-widget elementor-widget-button\" data-id=\"2a8e3846\" data-element_type=\"widget\" data-e-type=\"widget\" data-widget_type=\"button.default\">\n\t\t\t\t<div class=\"elementor-widget-container\">\n\t\t\t\t\t\t\t\t\t<div class=\"elementor-button-wrapper\">\n\t\t\t\t\t<a class=\"elementor-button elementor-button-link elementor-size-sm\" href=\"https:\/\/gluecksgefuehle-weddings.at\/kontakt\/\" target=\"_blank\" rel=\"noopener\">\n\t\t\t\t\t\t<span class=\"elementor-button-content-wrapper\">\n\t\t\t\t\t\t<span class=\"elementor-button-icon\">\n\t\t\t\t<i aria-hidden=\"true\" class=\"fas fa-long-arrow-alt-right\"><\/i>\t\t\t<\/span>\n\t\t\t\t\t\t\t\t\t<span class=\"elementor-button-text\">Kostenloses Beratungsgespr\u00e4ch vereinbaren<\/span>\n\t\t\t\t\t<\/span>\n\t\t\t\t\t<\/a>\n\t\t\t\t<\/div>\n\t\t\t\t\t\t\t\t<\/div>\n\t\t\t\t<\/div>\n\t\t\t\t<\/div>\n\t\t<div class=\"elementor-element elementor-element-19ed3554 e-con-full e-flex e-con e-child\" data-id=\"19ed3554\" data-element_type=\"container\" data-e-type=\"container\" data-settings=\"{&quot;background_background&quot;:&quot;classic&quot;}\">\n\t\t\t\t<div class=\"elementor-element elementor-element-4d40d0ef elementor-widget elementor-widget-html\" data-id=\"4d40d0ef\" data-element_type=\"widget\" data-e-type=\"widget\" data-widget_type=\"html.default\">\n\t\t\t\t<div class=\"elementor-widget-container\">\n\t\t\t\t\t<script src=\"https:\/\/fast.wistia.com\/player.js\" async><\/script><script src=\"https:\/\/fast.wistia.com\/embed\/v69qq7oqyl.js\" async type=\"module\"><\/script><style>wistia-player[media-id='v69qq7oqyl']:not(:defined) { background: center \/ contain no-repeat url('https:\/\/fast.wistia.com\/embed\/medias\/v69qq7oqyl\/swatch'); display: block; filter: blur(5px); padding-top:56.25%; }<\/style> <wistia-player media-id=\"v69qq7oqyl\" aspect=\"1.7777777777777777\"><\/wistia-player>\t\t\t\t<\/div>\n\t\t\t\t<\/div>\n\t\t\t\t<\/div>\n\t\t\t\t<\/div>\n\t\t\t\t<\/div>\n\t\t","protected":false},"excerpt":{"rendered":"<p>Hochzeiten rund um den Bodensee So wird euer Wedding-Weekend im Dreil\u00e4ndereck zum absoluten Highlight Ich habe dieses Video gedreht, weil viele Paare vom Heiraten am Bodensee tr\u00e4umen, ohne zu wissen, was ein Wedding-Weekend im Dreil\u00e4ndereck wirklich bedeutet. Eine Hochzeit zwischen Deutschland, \u00d6sterreich und der Schweiz wirkt entspannt. In der Realit\u00e4t kommen unterschiedliche Dienstleister, Vorschriften, Wege [&hellip;]<\/p>\n","protected":false},"author":2,"featured_media":0,"parent":0,"menu_order":0,"comment_status":"closed","ping_status":"closed","template":"elementor_header_footer","meta":{"_acf_changed":false,"footnotes":""},"class_list":["post-9304","page","type-page","status-publish","hentry"],"acf":[],"_links":{"self":[{"href":"https:\/\/dw-weddings.com\/en\/wp-json\/wp\/v2\/pages\/9304","targetHints":{"allow":["GET"]}}],"collection":[{"href":"https:\/\/dw-weddings.com\/en\/wp-json\/wp\/v2\/pages"}],"about":[{"href":"https:\/\/dw-weddings.com\/en\/wp-json\/wp\/v2\/types\/page"}],"author":[{"embeddable":true,"href":"https:\/\/dw-weddings.com\/en\/wp-json\/wp\/v2\/users\/2"}],"replies":[{"embeddable":true,"href":"https:\/\/dw-weddings.com\/en\/wp-json\/wp\/v2\/comments?post=9304"}],"version-history":[{"count":10,"href":"https:\/\/dw-weddings.com\/en\/wp-json\/wp\/v2\/pages\/9304\/revisions"}],"predecessor-version":[{"id":9314,"href":"https:\/\/dw-weddings.com\/en\/wp-json\/wp\/v2\/pages\/9304\/revisions\/9314"}],"wp:attachment":[{"href":"https:\/\/dw-weddings.com\/en\/wp-json\/wp\/v2\/media?parent=9304"}],"curies":[{"name":"wp","href":"https:\/\/api.w.org\/{rel}","templated":true}]}}