{"id":8911,"date":"2026-01-29T09:05:40","date_gmt":"2026-01-29T08:05:40","guid":{"rendered":"https:\/\/gluecksgefuehle-weddings.at\/?page_id=8911"},"modified":"2026-04-13T22:01:06","modified_gmt":"2026-04-13T20:01:06","slug":"contact","status":"publish","type":"page","link":"https:\/\/dw-weddings.com\/en\/kontakt\/","title":{"rendered":"Contact us"},"content":{"rendered":"\t\t<div data-elementor-type=\"wp-page\" data-elementor-id=\"8911\" class=\"elementor elementor-8911\" data-elementor-post-type=\"page\">\n\t\t\t\t<div class=\"elementor-element elementor-element-68694bf2 e-con-full e-flex e-con e-parent\" data-id=\"68694bf2\" data-element_type=\"container\" data-e-type=\"container\">\n\t\t<div class=\"elementor-element elementor-element-b85ef97 e-con-full e-flex e-con e-child\" data-id=\"b85ef97\" data-element_type=\"container\" data-e-type=\"container\" data-settings=\"{&quot;background_background&quot;:&quot;classic&quot;}\">\n\t\t\t\t<div class=\"elementor-element elementor-element-5c8082a8 elementor-widget elementor-widget-heading\" data-id=\"5c8082a8\" data-element_type=\"widget\" data-e-type=\"widget\" data-widget_type=\"heading.default\">\n\t\t\t\t<div class=\"elementor-widget-container\">\n\t\t\t\t\t<h1 class=\"elementor-heading-title elementor-size-default\">Jetzt unverbindlich anfragen!<\/h1>\t\t\t\t<\/div>\n\t\t\t\t<\/div>\n\t\t\t\t<div class=\"elementor-element elementor-element-4e88f986 elementor-widget elementor-widget-text-editor\" data-id=\"4e88f986\" data-element_type=\"widget\" data-e-type=\"widget\" data-widget_type=\"text-editor.default\">\n\t\t\t\t<div class=\"elementor-widget-container\">\n\t\t\t\t\t\t\t\t\tBitte beantworte die nachfolgenden Fragen. Das Ausf\u00fcllen dauert maximal eine Minute.\t\t\t\t\t\t\t\t<\/div>\n\t\t\t\t<\/div>\n\t\t\t\t<div class=\"elementor-element elementor-element-1f6206f6 elementor-button-align-stretch elementor-widget elementor-widget-form\" data-id=\"1f6206f6\" data-element_type=\"widget\" data-e-type=\"widget\" data-settings=\"{&quot;step_next_label&quot;:&quot;Weiter&quot;,&quot;step_previous_label&quot;:&quot;Zur\\u00fcck&quot;,&quot;button_width&quot;:&quot;100&quot;,&quot;step_type&quot;:&quot;number_text&quot;,&quot;step_icon_shape&quot;:&quot;circle&quot;}\" data-widget_type=\"form.default\">\n\t\t\t\t<div class=\"elementor-widget-container\">\n\t\t\t\t\t\t\t<form class=\"elementor-form\" method=\"post\" name=\"Neues Formular\" aria-label=\"Neues Formular\">\n\t\t\t<input type=\"hidden\" name=\"post_id\" value=\"8911\"\/>\n\t\t\t<input type=\"hidden\" name=\"form_id\" value=\"1f6206f6\"\/>\n\t\t\t<input type=\"hidden\" name=\"referer_title\" value=\"\" \/>\n\n\t\t\t\n\t\t\t<div class=\"elementor-form-fields-wrapper elementor-labels-above\">\n\t\t\t\t\t\t\t\t<div class=\"elementor-field-type-step elementor-field-group elementor-column elementor-field-group-field_764c0a4 elementor-col-100\">\n\t\t\t\t\t\t\t<div class=\"e-field-step elementor-hidden\" data-label=\"\" data-previousButton=\"\" data-nextButton=\"\" data-iconUrl=\"\" data-iconLibrary=\"fas fa-star\" data-icon=\"\" ><\/div>\n\n\t\t\t\t\t\t<\/div>\n\t\t\t\t\t\t\t\t<div class=\"elementor-field-type-text elementor-field-group elementor-column elementor-field-group-name elementor-col-100 elementor-field-required elementor-mark-required\">\n\t\t\t\t\t\t\t\t\t\t\t\t\t<input size=\"1\" type=\"text\" name=\"form_fields[name]\" id=\"form-field-name\" class=\"elementor-field elementor-size-sm  elementor-field-textual\" placeholder=\"Vor- und Nachname\" required=\"required\">\n\t\t\t\t\t\t\t\t\t\t\t<\/div>\n\t\t\t\t\t\t\t\t<div class=\"elementor-field-type-email elementor-field-group elementor-column elementor-field-group-email elementor-col-100 elementor-field-required elementor-mark-required\">\n\t\t\t\t\t\t\t\t\t\t\t\t\t<input size=\"1\" type=\"email\" name=\"form_fields[email]\" id=\"form-field-email\" class=\"elementor-field elementor-size-sm  elementor-field-textual\" placeholder=\"E-Mail Adresse\" required=\"required\">\n\t\t\t\t\t\t\t\t\t\t\t<\/div>\n\t\t\t\t\t\t\t\t<div class=\"elementor-field-type-tel elementor-field-group elementor-column elementor-field-group-field_15aad1e elementor-col-100 elementor-field-required elementor-mark-required\">\n\t\t\t\t\t<span class=\"ccfef-editor-intl-input\" data-id=\"form-field-field_15aad1e\" data-field-id=\"15aad1e\" data-default-country=\"at\" data-include-countries=\"\" data-exclude-countries=\"\" data-dial-code-visibility=\"show\" data-strict-mode=\"no\" style=\"display: none;\"><\/span>\t\t<input size=\"1\" type=\"tel\" name=\"form_fields[field_15aad1e]\" id=\"form-field-field_15aad1e\" class=\"elementor-field elementor-size-sm  elementor-field-textual\" placeholder=\"Telefonnummer\" required=\"required\" pattern=\"[0-9()#&amp;+*-=.]+\" title=\"Only numbers and phone characters (#, -, *, etc) are accepted.\">\n\n\t\t\t\t\t\t<\/div>\n\t\t\t\t\t\t\t\t<div class=\"elementor-field-type-step elementor-field-group elementor-column elementor-field-group-field_12ebed5 elementor-col-100\">\n\t\t\t\t\t\t\t<div class=\"e-field-step elementor-hidden\" data-label=\"\" data-previousButton=\"Zur\u00fcck\" data-nextButton=\"Weiter\" data-iconUrl=\"\" data-iconLibrary=\"fas fa-caret-right\" data-icon=\"\" ><\/div>\n\n\t\t\t\t\t\t<\/div>\n\t\t\t\t\t\t\t\t<div class=\"elementor-field-type-select elementor-field-group elementor-column elementor-field-group-field_ca30ded elementor-col-100 elementor-field-required elementor-mark-required\">\n\t\t\t\t\t\t\t\t\t\t\t\t<label for=\"form-field-field_ca30ded\" class=\"elementor-field-label\">\n\t\t\t\t\t\t\t\t<b>Befindet ihr euch aktuell schon in der Hochzeitsplanung?<\/b>\t\t\t\t\t\t\t<\/label>\n\t\t\t\t\t\t\t\t<div class=\"elementor-field elementor-select-wrapper remove-before \">\n\t\t\t<div class=\"select-caret-down-wrapper\">\n\t\t\t\t<i aria-hidden=\"true\" class=\"eicon-caret-down\"><\/i>\t\t\t<\/div>\n\t\t\t<select name=\"form_fields[field_ca30ded]\" id=\"form-field-field_ca30ded\" class=\"elementor-field-textual elementor-size-sm\" required=\"required\">\n\t\t\t\t\t\t\t\t\t<option value=\"Ja\">Ja<\/option>\n\t\t\t\t\t\t\t\t\t<option value=\"Nein\">Nein<\/option>\n\t\t\t\t\t\t\t<\/select>\n\t\t<\/div>\n\t\t\t\t\t\t<\/div>\n\t\t\t\t\t\t\t\t<div class=\"elementor-field-type-step elementor-field-group elementor-column elementor-field-group-field_c06876f elementor-col-100\">\n\t\t\t\t\t\t\t<div class=\"e-field-step elementor-hidden\" data-label=\"\" data-previousButton=\"Zur\u00fcck\" data-nextButton=\"Weiter\" data-iconUrl=\"\" data-iconLibrary=\"fas fa-caret-right\" data-icon=\"\" ><\/div>\n\n\t\t\t\t\t\t<\/div>\n\t\t\t\t\t\t\t\t<div class=\"elementor-field-type-text elementor-field-group elementor-column elementor-field-group-field_326c39d elementor-col-100 elementor-field-required elementor-mark-required\">\n\t\t\t\t\t\t\t\t\t\t\t\t<label for=\"form-field-field_326c39d\" class=\"elementor-field-label\">\n\t\t\t\t\t\t\t\t<b>Habt ihr schon ein Hochzeitsdatum?<\/b>\t\t\t\t\t\t\t<\/label>\n\t\t\t\t\t\t\t\t\t\t\t\t\t\t<input size=\"1\" type=\"text\" name=\"form_fields[field_326c39d]\" id=\"form-field-field_326c39d\" class=\"elementor-field elementor-size-sm  elementor-field-textual\" required=\"required\">\n\t\t\t\t\t\t\t\t\t\t\t<\/div>\n\t\t\t\t\t\t\t\t<div class=\"elementor-field-type-step elementor-field-group elementor-column elementor-field-group-field_a35ff82 elementor-col-100\">\n\t\t\t\t\t\t\t<div class=\"e-field-step elementor-hidden\" data-label=\"\" data-previousButton=\"Zur\u00fcck\" data-nextButton=\"Weiter\" data-iconUrl=\"\" data-iconLibrary=\"fas fa-caret-right\" data-icon=\"\" ><\/div>\n\n\t\t\t\t\t\t<\/div>\n\t\t\t\t\t\t\t\t<div class=\"elementor-field-type-checkbox elementor-field-group elementor-column elementor-field-group-field_8043f4d elementor-col-100\">\n\t\t\t\t\t\t\t\t\t\t\t\t<label for=\"form-field-field_8043f4d\" class=\"elementor-field-label\">\n\t\t\t\t\t\t\t\t<b>Welche Aussagen treffen bei euch zu? (Mehrfachauswahl m\u00f6glich)<\/b>\t\t\t\t\t\t\t<\/label>\n\t\t\t\t\t\t<div class=\"elementor-field-subgroup  \"><span class=\"elementor-field-option\"><input type=\"checkbox\" value=\"Wir sind beruflich stark eingebunden &amp; haben wenig Zeit f\u00fcr die Hochzeitsplanung.\" id=\"form-field-field_8043f4d-0\" name=\"form_fields[field_8043f4d][]\"> <label for=\"form-field-field_8043f4d-0\">Wir sind beruflich stark eingebunden & haben wenig Zeit f\u00fcr die Hochzeitsplanung.<\/label><\/span><span class=\"elementor-field-option\"><input type=\"checkbox\" value=\"Wir wollen unseren Hochzeitstag komplett stressfrei und gemeinsam mit unseren G\u00e4sten genie\u00dfen k\u00f6nnen.\" id=\"form-field-field_8043f4d-1\" name=\"form_fields[field_8043f4d][]\"> <label for=\"form-field-field_8043f4d-1\">Wir wollen unseren Hochzeitstag komplett stressfrei und gemeinsam mit unseren G\u00e4sten genie\u00dfen k\u00f6nnen.<\/label><\/span><span class=\"elementor-field-option\"><input type=\"checkbox\" value=\"Wir m\u00f6chten im Ausland heiraten.\" id=\"form-field-field_8043f4d-2\" name=\"form_fields[field_8043f4d][]\"> <label for=\"form-field-field_8043f4d-2\">Wir m\u00f6chten im Ausland heiraten.<\/label><\/span><span class=\"elementor-field-option\"><input type=\"checkbox\" value=\"Uns ist das Weddingdesign sehr wichtig.\" id=\"form-field-field_8043f4d-3\" name=\"form_fields[field_8043f4d][]\"> <label for=\"form-field-field_8043f4d-3\">Uns ist das Weddingdesign sehr wichtig.<\/label><\/span><span class=\"elementor-field-option\"><input type=\"checkbox\" value=\"Wir bevorzugen ein komplettes Hochzeitswochenende.\" id=\"form-field-field_8043f4d-4\" name=\"form_fields[field_8043f4d][]\"> <label for=\"form-field-field_8043f4d-4\">Wir bevorzugen ein komplettes Hochzeitswochenende.<\/label><\/span><\/div>\t\t\t\t<\/div>\n\t\t\t\t\t\t\t\t<div class=\"elementor-field-type-step elementor-field-group elementor-column elementor-field-group-field_65075ea elementor-col-100\">\n\t\t\t\t\t\t\t<div class=\"e-field-step elementor-hidden\" data-label=\"\" data-previousButton=\"Zur\u00fcck\" data-nextButton=\"Weiter\" data-iconUrl=\"\" data-iconLibrary=\"fas fa-caret-right\" data-icon=\"\" ><\/div>\n\n\t\t\t\t\t\t<\/div>\n\t\t\t\t\t\t\t\t<div class=\"elementor-field-type-select elementor-field-group elementor-column elementor-field-group-message elementor-col-100\">\n\t\t\t\t\t\t\t<div class=\"elementor-field elementor-select-wrapper remove-before \">\n\t\t\t<div class=\"select-caret-down-wrapper\">\n\t\t\t\t<i aria-hidden=\"true\" class=\"eicon-caret-down\"><\/i>\t\t\t<\/div>\n\t\t\t<select name=\"form_fields[message]\" id=\"form-field-message\" class=\"elementor-field-textual elementor-size-sm\">\n\t\t\t\t\t\t\t\t\t<option value=\"30.000 - 40.000 Euro\">30.000 - 40.000 Euro<\/option>\n\t\t\t\t\t\t\t\t\t<option value=\"40.000 - 55.000 Euro\">40.000 - 55.000 Euro<\/option>\n\t\t\t\t\t\t\t\t\t<option value=\"55.000 - 75.000 Euro\">55.000 - 75.000 Euro<\/option>\n\t\t\t\t\t\t\t\t\t<option value=\"75.000 - 100.000 Euro\">75.000 - 100.000 Euro<\/option>\n\t\t\t\t\t\t\t\t\t<option value=\"\u00fcber 100.000 Euro\">\u00fcber 100.000 Euro<\/option>\n\t\t\t\t\t\t\t<\/select>\n\t\t<\/div>\n\t\t\t\t\t\t<\/div>\n\t\t\t\t\t\t\t\t<div class=\"elementor-field-type-text\">\n\t\t\t\t\t<input size=\"1\" type=\"text\" name=\"form_fields[field_2d995ae]\" id=\"form-field-field_2d995ae\" class=\"elementor-field elementor-size-sm \" style=\"display:none !important;\">\t\t\t\t<\/div>\n\t\t\t\t\t\t\t\t<div class=\"elementor-field-group elementor-column elementor-field-type-submit elementor-col-100 e-form__buttons\">\n\t\t\t\t\t<button class=\"elementor-button elementor-size-sm\" type=\"submit\">\n\t\t\t\t\t\t<span class=\"elementor-button-content-wrapper\">\n\t\t\t\t\t\t\t\t\t\t\t\t\t\t\t\t\t\t\t\t\t\t<span class=\"elementor-button-text\">Weiter<\/span>\n\t\t\t\t\t\t\t\t\t\t\t\t\t<\/span>\n\t\t\t\t\t<\/button>\n\t\t\t\t<\/div>\n\t\t\t<\/div>\n\t\t<\/form>\n\t\t\t\t\t\t<\/div>\n\t\t\t\t<\/div>\n\t\t\t\t<\/div>\n\t\t<div class=\"elementor-element elementor-element-51c2e47f e-con-full e-flex e-con e-child\" data-id=\"51c2e47f\" data-element_type=\"container\" data-e-type=\"container\" data-settings=\"{&quot;background_background&quot;:&quot;classic&quot;}\">\n\t\t\t\t<\/div>\n\t\t\t\t<\/div>\n\t\t\t\t<\/div>\n\t\t","protected":false},"excerpt":{"rendered":"<p>Jetzt unverbindlich anfragen! Bitte beantworte die nachfolgenden Fragen. Das Ausf\u00fcllen dauert maximal eine Minute.<\/p>","protected":false},"author":2,"featured_media":0,"parent":0,"menu_order":0,"comment_status":"closed","ping_status":"closed","template":"elementor_header_footer","meta":{"_acf_changed":false,"footnotes":""},"class_list":["post-8911","page","type-page","status-publish","hentry"],"acf":[],"_links":{"self":[{"href":"https:\/\/dw-weddings.com\/en\/wp-json\/wp\/v2\/pages\/8911","targetHints":{"allow":["GET"]}}],"collection":[{"href":"https:\/\/dw-weddings.com\/en\/wp-json\/wp\/v2\/pages"}],"about":[{"href":"https:\/\/dw-weddings.com\/en\/wp-json\/wp\/v2\/types\/page"}],"author":[{"embeddable":true,"href":"https:\/\/dw-weddings.com\/en\/wp-json\/wp\/v2\/users\/2"}],"replies":[{"embeddable":true,"href":"https:\/\/dw-weddings.com\/en\/wp-json\/wp\/v2\/comments?post=8911"}],"version-history":[{"count":10,"href":"https:\/\/dw-weddings.com\/en\/wp-json\/wp\/v2\/pages\/8911\/revisions"}],"predecessor-version":[{"id":9543,"href":"https:\/\/dw-weddings.com\/en\/wp-json\/wp\/v2\/pages\/8911\/revisions\/9543"}],"wp:attachment":[{"href":"https:\/\/dw-weddings.com\/en\/wp-json\/wp\/v2\/media?parent=8911"}],"curies":[{"name":"wp","href":"https:\/\/api.w.org\/{rel}","templated":true}]}}