{"id":61,"date":"2023-04-06T23:34:57","date_gmt":"2023-04-06T21:34:57","guid":{"rendered":"https:\/\/gluecksgefuehle-weddings.at\/leistung-2\/"},"modified":"2026-04-14T13:47:37","modified_gmt":"2026-04-14T11:47:37","slug":"weddingday-coordinator","status":"publish","type":"page","link":"https:\/\/dw-weddings.com\/en\/weddingday-koordinatorin\/","title":{"rendered":"Weddingday Coordinator"},"content":{"rendered":"\t\t<div data-elementor-type=\"wp-page\" data-elementor-id=\"61\" class=\"elementor elementor-61\" data-elementor-post-type=\"page\">\n\t\t\t\t\t\t<section class=\"elementor-section elementor-top-section elementor-element elementor-element-48e8081 elementor-section-height-min-height elementor-section-items-stretch elementor-section-content-middle elementor-section-boxed elementor-section-height-default\" data-id=\"48e8081\" data-element_type=\"section\" data-e-type=\"section\" data-settings=\"{&quot;background_background&quot;:&quot;classic&quot;}\">\n\t\t\t\t\t\t<div class=\"elementor-container elementor-column-gap-no\">\n\t\t\t\t\t<div class=\"elementor-column elementor-col-100 elementor-top-column elementor-element elementor-element-4528387\" data-id=\"4528387\" data-element_type=\"column\" data-e-type=\"column\">\n\t\t\t<div class=\"elementor-widget-wrap elementor-element-populated\">\n\t\t\t\t\t\t<div class=\"elementor-element elementor-element-8e23eb0 elementor-invisible elementor-widget elementor-widget-heading\" data-id=\"8e23eb0\" data-element_type=\"widget\" data-e-type=\"widget\" data-settings=\"{&quot;_animation&quot;:&quot;fadeIn&quot;}\" data-widget_type=\"heading.default\">\n\t\t\t\t<div class=\"elementor-widget-container\">\n\t\t\t\t\t<h1 class=\"elementor-heading-title elementor-size-default\">Weddingday Koordinatorin<\/h1>\t\t\t\t<\/div>\n\t\t\t\t<\/div>\n\t\t\t\t\t<\/div>\n\t\t<\/div>\n\t\t\t\t\t<\/div>\n\t\t<\/section>\n\t\t\t\t<section class=\"elementor-section elementor-top-section elementor-element elementor-element-87f18a3 elementor-section-boxed elementor-section-height-default elementor-section-height-default\" data-id=\"87f18a3\" data-element_type=\"section\" data-e-type=\"section\">\n\t\t\t\t\t\t<div class=\"elementor-container elementor-column-gap-default\">\n\t\t\t\t\t<div class=\"elementor-column elementor-col-100 elementor-top-column elementor-element elementor-element-3cec102\" data-id=\"3cec102\" data-element_type=\"column\" data-e-type=\"column\">\n\t\t\t<div class=\"elementor-widget-wrap elementor-element-populated\">\n\t\t\t\t\t\t<section class=\"elementor-section elementor-inner-section elementor-element elementor-element-c4691d8 elementor-section-full_width elementor-section-height-default elementor-section-height-default\" data-id=\"c4691d8\" data-element_type=\"section\" data-e-type=\"section\">\n\t\t\t\t\t\t<div class=\"elementor-container elementor-column-gap-default\">\n\t\t\t\t\t<div class=\"elementor-column elementor-col-33 elementor-inner-column elementor-element elementor-element-0dd589e\" data-id=\"0dd589e\" data-element_type=\"column\" data-e-type=\"column\">\n\t\t\t<div class=\"elementor-widget-wrap elementor-element-populated\">\n\t\t\t\t\t\t<div class=\"elementor-element elementor-element-3f8f8be elementor-widget elementor-widget-image\" data-id=\"3f8f8be\" data-element_type=\"widget\" data-e-type=\"widget\" data-widget_type=\"image.default\">\n\t\t\t\t<div class=\"elementor-widget-container\">\n\t\t\t\t\t\t\t\t\t\t\t\t\t\t\t<img fetchpriority=\"high\" decoding=\"async\" width=\"732\" height=\"1024\" src=\"https:\/\/dw-weddings.com\/wp-content\/uploads\/2025\/08\/Luxury-Weddingweekend-Lech-am-Arlberg-270-732x1024.jpg\" class=\"attachment-large size-large wp-image-6533\" alt=\"Ein Brautpaar tanzt fr\u00f6hlich, umgeben von G\u00e4sten mit Wunderkerzen bei einer zauberhaften Hochzeitsfeier in der malerischen Bodensee-Region.\" srcset=\"https:\/\/dw-weddings.com\/wp-content\/uploads\/2025\/08\/Luxury-Weddingweekend-Lech-am-Arlberg-270-732x1024.jpg 732w, https:\/\/dw-weddings.com\/wp-content\/uploads\/2025\/08\/Luxury-Weddingweekend-Lech-am-Arlberg-270-214x300.jpg 214w, https:\/\/dw-weddings.com\/wp-content\/uploads\/2025\/08\/Luxury-Weddingweekend-Lech-am-Arlberg-270-768x1075.jpg 768w, https:\/\/dw-weddings.com\/wp-content\/uploads\/2025\/08\/Luxury-Weddingweekend-Lech-am-Arlberg-270-1097x1536.jpg 1097w, https:\/\/dw-weddings.com\/wp-content\/uploads\/2025\/08\/Luxury-Weddingweekend-Lech-am-Arlberg-270.jpg 1143w\" sizes=\"(max-width: 732px) 100vw, 732px\" \/>\t\t\t\t\t\t\t\t\t\t\t\t\t\t\t<\/div>\n\t\t\t\t<\/div>\n\t\t\t\t\t<\/div>\n\t\t<\/div>\n\t\t\t\t<div class=\"elementor-column elementor-col-33 elementor-inner-column elementor-element elementor-element-335a120\" data-id=\"335a120\" data-element_type=\"column\" data-e-type=\"column\">\n\t\t\t<div class=\"elementor-widget-wrap elementor-element-populated\">\n\t\t\t\t\t\t<div class=\"elementor-element elementor-element-4e988d7 elementor-widget elementor-widget-image\" data-id=\"4e988d7\" data-element_type=\"widget\" data-e-type=\"widget\" data-widget_type=\"image.default\">\n\t\t\t\t<div class=\"elementor-widget-container\">\n\t\t\t\t\t\t\t\t\t\t\t\t\t\t\t<img decoding=\"async\" width=\"683\" height=\"1024\" src=\"https:\/\/dw-weddings.com\/wp-content\/uploads\/2025\/10\/Great-Gatsby-Wedding-Lichtenstein-Luxury-Wedding-Schweiz-316-683x1024.jpg\" class=\"attachment-large size-large wp-image-8754\" alt=\"Ein frisch verheiratetes Paar k\u00fcsst sich mit einem Sektglas in der Hand vor dem Hotel Bayerischer Hof und feiert seine Liebe im Herzen der Bodenseeregion.\" srcset=\"https:\/\/dw-weddings.com\/wp-content\/uploads\/2025\/10\/Great-Gatsby-Wedding-Lichtenstein-Luxury-Wedding-Schweiz-316-683x1024.jpg 683w, https:\/\/dw-weddings.com\/wp-content\/uploads\/2025\/10\/Great-Gatsby-Wedding-Lichtenstein-Luxury-Wedding-Schweiz-316-200x300.jpg 200w, https:\/\/dw-weddings.com\/wp-content\/uploads\/2025\/10\/Great-Gatsby-Wedding-Lichtenstein-Luxury-Wedding-Schweiz-316-768x1152.jpg 768w, https:\/\/dw-weddings.com\/wp-content\/uploads\/2025\/10\/Great-Gatsby-Wedding-Lichtenstein-Luxury-Wedding-Schweiz-316-1024x1536.jpg 1024w, https:\/\/dw-weddings.com\/wp-content\/uploads\/2025\/10\/Great-Gatsby-Wedding-Lichtenstein-Luxury-Wedding-Schweiz-316-1366x2048.jpg 1366w, https:\/\/dw-weddings.com\/wp-content\/uploads\/2025\/10\/Great-Gatsby-Wedding-Lichtenstein-Luxury-Wedding-Schweiz-316.jpg 1667w\" sizes=\"(max-width: 683px) 100vw, 683px\" \/>\t\t\t\t\t\t\t\t\t\t\t\t\t\t\t<\/div>\n\t\t\t\t<\/div>\n\t\t\t\t\t<\/div>\n\t\t<\/div>\n\t\t\t\t<div class=\"elementor-column elementor-col-33 elementor-inner-column elementor-element elementor-element-57cd037\" data-id=\"57cd037\" data-element_type=\"column\" data-e-type=\"column\">\n\t\t\t<div class=\"elementor-widget-wrap elementor-element-populated\">\n\t\t\t\t\t\t<div class=\"elementor-element elementor-element-de7d8da elementor-widget elementor-widget-image\" data-id=\"de7d8da\" data-element_type=\"widget\" data-e-type=\"widget\" data-widget_type=\"image.default\">\n\t\t\t\t<div class=\"elementor-widget-container\">\n\t\t\t\t\t\t\t\t\t\t\t\t\t\t\t<img decoding=\"async\" width=\"732\" height=\"1024\" src=\"https:\/\/dw-weddings.com\/wp-content\/uploads\/2025\/08\/Luxury-Weddingweekend-Lech-am-Arlberg-233-732x1024.jpg\" class=\"attachment-large size-large wp-image-6496\" alt=\"Ein l\u00e4chelndes, f\u00f6rmlich gekleidetes Paar tanzt zusammen und winkt bei einer Feier in der malerischen Bodensee-Region.\" srcset=\"https:\/\/dw-weddings.com\/wp-content\/uploads\/2025\/08\/Luxury-Weddingweekend-Lech-am-Arlberg-233-732x1024.jpg 732w, https:\/\/dw-weddings.com\/wp-content\/uploads\/2025\/08\/Luxury-Weddingweekend-Lech-am-Arlberg-233-214x300.jpg 214w, https:\/\/dw-weddings.com\/wp-content\/uploads\/2025\/08\/Luxury-Weddingweekend-Lech-am-Arlberg-233-768x1075.jpg 768w, https:\/\/dw-weddings.com\/wp-content\/uploads\/2025\/08\/Luxury-Weddingweekend-Lech-am-Arlberg-233-1097x1536.jpg 1097w, https:\/\/dw-weddings.com\/wp-content\/uploads\/2025\/08\/Luxury-Weddingweekend-Lech-am-Arlberg-233.jpg 1143w\" sizes=\"(max-width: 732px) 100vw, 732px\" \/>\t\t\t\t\t\t\t\t\t\t\t\t\t\t\t<\/div>\n\t\t\t\t<\/div>\n\t\t\t\t\t<\/div>\n\t\t<\/div>\n\t\t\t\t\t<\/div>\n\t\t<\/section>\n\t\t\t\t\t<\/div>\n\t\t<\/div>\n\t\t\t\t\t<\/div>\n\t\t<\/section>\n\t\t\t\t<section class=\"elementor-section elementor-top-section elementor-element elementor-element-35421e5 elementor-section-full_width elementor-section-height-min-height elementor-section-items-stretch elementor-section-content-middle elementor-section-height-default\" data-id=\"35421e5\" data-element_type=\"section\" data-e-type=\"section\">\n\t\t\t\t\t\t<div class=\"elementor-container elementor-column-gap-no\">\n\t\t\t\t\t<div class=\"elementor-column elementor-col-100 elementor-top-column elementor-element elementor-element-f3b879e\" data-id=\"f3b879e\" data-element_type=\"column\" data-e-type=\"column\">\n\t\t\t<div class=\"elementor-widget-wrap elementor-element-populated\">\n\t\t\t\t\t\t<div class=\"elementor-element elementor-element-c0e567a elementor-widget elementor-widget-text-editor\" data-id=\"c0e567a\" data-element_type=\"widget\" data-e-type=\"widget\" data-widget_type=\"text-editor.default\">\n\t\t\t\t<div class=\"elementor-widget-container\">\n\t\t\t\t\t\t\t\t\t<p style=\"text-align: left;\">Ein stressfreier Hochzeitstag? Yes, please!<\/p>\t\t\t\t\t\t\t\t<\/div>\n\t\t\t\t<\/div>\n\t\t\t\t<div class=\"elementor-element elementor-element-757fcca elementor-widget__width-initial elementor-widget elementor-widget-text-editor\" data-id=\"757fcca\" data-element_type=\"widget\" data-e-type=\"widget\" data-widget_type=\"text-editor.default\">\n\t\t\t\t<div class=\"elementor-widget-container\">\n\t\t\t\t\t\t\t\t\t<p>Stellt euch vor, da ist jemand, der den kompletten \u00dcberblick \u00fcber alles hat, all eure W\u00fcnsche, Vorstellungen und Sorgen kennt und sofort wei\u00df, was zu tun ist, sollte sich etwas Unvorhergesehenes anbahnen. Jemand, der auf jedes noch so kleine Detail achtet \u2013 und dabei nicht zu euren G\u00e4sten, Trauzeugen oder Familienmitgliedern geh\u00f6rt. So verpasst niemand aus eurem engsten Kreis einen einzigen Moment eurer Hochzeit. Da ist einfach jemand, der alles im Griff hat.<\/p>\t\t\t\t\t\t\t\t<\/div>\n\t\t\t\t<\/div>\n\t\t\t\t<div class=\"elementor-element elementor-element-b1f9873 elementor-widget elementor-widget-text-editor\" data-id=\"b1f9873\" data-element_type=\"widget\" data-e-type=\"widget\" data-widget_type=\"text-editor.default\">\n\t\t\t\t<div class=\"elementor-widget-container\">\n\t\t\t\t\t\t\t\t\t<p style=\"text-align: left;\">Ablauf Weddingday Koordinatorin:<\/p>\t\t\t\t\t\t\t\t<\/div>\n\t\t\t\t<\/div>\n\t\t\t\t<div class=\"elementor-element elementor-element-3240de2 elementor-widget__width-initial elementor-widget elementor-widget-text-editor\" data-id=\"3240de2\" data-element_type=\"widget\" data-e-type=\"widget\" data-widget_type=\"text-editor.default\">\n\t\t\t\t<div class=\"elementor-widget-container\">\n\t\t\t\t\t\t\t\t\t<ul><li style=\"font-weight: 400;\" aria-level=\"1\"><span style=\"font-weight: 400;\">Es erfolgt ein ca. 2-st\u00fcndiges, detailliertes Vorgespr\u00e4ch mit Euch und die \u00dcbergabe aller gebuchten Dienstleister f\u00fcr den Hochzeitstag<\/span><\/li><li style=\"font-weight: 400;\" aria-level=\"1\"><span style=\"font-weight: 400;\">Koordination aller Abl\u00e4ufe am Hochzeitstag (z. B. Anlieferung\u00a0 der Torte, spontane Programmpunkte der G\u00e4ste, R\u00fccksprache mit dem Caterer etc.)<\/span><\/li><li style=\"font-weight: 400;\" aria-level=\"1\"><span style=\"font-weight: 400;\">Absprache und Kommunikation mit allen Dienstleistern\u00a0<\/span><\/li><li style=\"font-weight: 400;\" aria-level=\"1\"><span style=\"font-weight: 400;\">R\u00fccksprache und Abstimmung mit den Trauzeugen\u00a0<\/span><\/li><li style=\"font-weight: 400;\" aria-level=\"1\"><span style=\"font-weight: 400;\">Ansprechpartner f\u00fcr die Hochzeitsg\u00e4ste und Dienstleister<\/span><\/li><li style=\"font-weight: 400;\" aria-level=\"1\"><span style=\"font-weight: 400;\">finale Vorbereitungen vor Ort (verteilen der Men\u00fckarten, Kontrolle des Saalplans, Aufbau Candybar etc.)<\/span><\/li><li style=\"font-weight: 400;\" aria-level=\"1\"><span style=\"font-weight: 400;\">Ihr k\u00f6nnt den Tag in vollen Z\u00fcgen mit Euren Trauzeugen und G\u00e4sten geniessen, ich ziehe die F\u00e4den im Hintergrund und sorge f\u00fcr einen reibungslosen Ablauf<\/span><\/li><\/ul>\t\t\t\t\t\t\t\t<\/div>\n\t\t\t\t<\/div>\n\t\t\t\t<div class=\"elementor-element elementor-element-1538275 elementor-align-left elementor-tablet-align-left elementor-widget elementor-widget-global elementor-global-8937 elementor-widget-button\" data-id=\"1538275\" data-element_type=\"widget\" data-e-type=\"widget\" data-widget_type=\"button.default\">\n\t\t\t\t<div class=\"elementor-widget-container\">\n\t\t\t\t\t\t\t\t\t<div class=\"elementor-button-wrapper\">\n\t\t\t\t\t<a class=\"elementor-button elementor-button-link elementor-size-sm elementor-animation-hang\" href=\"https:\/\/dw-weddings.com\/en\/kontakt\/\">\n\t\t\t\t\t\t<span class=\"elementor-button-content-wrapper\">\n\t\t\t\t\t\t\t\t\t<span class=\"elementor-button-text\">ZUM KOSTENLOSEN BERATUNGSGESPR\u00c4CH \u27f6<\/span>\n\t\t\t\t\t<\/span>\n\t\t\t\t\t<\/a>\n\t\t\t\t<\/div>\n\t\t\t\t\t\t\t\t<\/div>\n\t\t\t\t<\/div>\n\t\t\t\t\t<\/div>\n\t\t<\/div>\n\t\t\t\t\t<\/div>\n\t\t<\/section>\n\t\t<div class=\"elementor-element elementor-element-337eb9f elementor-hidden-mobile e-flex e-con-boxed e-con e-parent\" data-id=\"337eb9f\" data-element_type=\"container\" data-e-type=\"container\" data-settings=\"{&quot;background_background&quot;:&quot;classic&quot;}\">\n\t\t\t\t\t<div class=\"e-con-inner\">\n\t\t\t\t\t<\/div>\n\t\t\t\t<\/div>\n\t\t<div class=\"elementor-element elementor-element-7b36515 e-flex e-con-boxed e-con e-parent\" data-id=\"7b36515\" data-element_type=\"container\" data-e-type=\"container\" data-settings=\"{&quot;background_background&quot;:&quot;classic&quot;}\">\n\t\t\t\t\t<div class=\"e-con-inner\">\n\t\t\t\t<div class=\"elementor-element elementor-element-89c3b94 elementor-widget elementor-widget-image\" data-id=\"89c3b94\" data-element_type=\"widget\" data-e-type=\"widget\" data-widget_type=\"image.default\">\n\t\t\t\t<div class=\"elementor-widget-container\">\n\t\t\t\t\t\t\t\t\t\t\t\t\t\t\t<img loading=\"lazy\" decoding=\"async\" width=\"800\" height=\"800\" src=\"https:\/\/dw-weddings.com\/wp-content\/uploads\/2026\/04\/denise-wolf-weddings-logo3-1024x1024.png\" class=\"attachment-large size-large wp-image-9531\" alt=\"\" srcset=\"https:\/\/dw-weddings.com\/wp-content\/uploads\/2026\/04\/denise-wolf-weddings-logo3-1024x1024.png 1024w, https:\/\/dw-weddings.com\/wp-content\/uploads\/2026\/04\/denise-wolf-weddings-logo3-300x300.png 300w, https:\/\/dw-weddings.com\/wp-content\/uploads\/2026\/04\/denise-wolf-weddings-logo3-150x150.png 150w, https:\/\/dw-weddings.com\/wp-content\/uploads\/2026\/04\/denise-wolf-weddings-logo3-768x768.png 768w, https:\/\/dw-weddings.com\/wp-content\/uploads\/2026\/04\/denise-wolf-weddings-logo3-1536x1536.png 1536w, https:\/\/dw-weddings.com\/wp-content\/uploads\/2026\/04\/denise-wolf-weddings-logo3-2048x2048.png 2048w, https:\/\/dw-weddings.com\/wp-content\/uploads\/2026\/04\/denise-wolf-weddings-logo3-12x12.png 12w\" sizes=\"(max-width: 800px) 100vw, 800px\" \/>\t\t\t\t\t\t\t\t\t\t\t\t\t\t\t<\/div>\n\t\t\t\t<\/div>\n\t\t\t\t\t<\/div>\n\t\t\t\t<\/div>\n\t\t<div class=\"elementor-element elementor-element-9994514 e-flex e-con-boxed e-con e-parent\" data-id=\"9994514\" data-element_type=\"container\" data-e-type=\"container\">\n\t\t\t\t\t<div class=\"e-con-inner\">\n\t\t<div class=\"elementor-element elementor-element-2c49976 e-con-full e-flex e-con e-child\" data-id=\"2c49976\" data-element_type=\"container\" data-e-type=\"container\">\n\t\t\t\t<div class=\"elementor-element elementor-element-194e155 elementor-widget elementor-widget-heading\" data-id=\"194e155\" data-element_type=\"widget\" data-e-type=\"widget\" data-widget_type=\"heading.default\">\n\t\t\t\t<div class=\"elementor-widget-container\">\n\t\t\t\t\t<h2 class=\"elementor-heading-title elementor-size-default\">Eure Vorteile mit mir als Weddingday Koordinatorin<\/h2>\t\t\t\t<\/div>\n\t\t\t\t<\/div>\n\t\t<div class=\"elementor-element elementor-element-108b8e4 e-con-full e-flex e-con e-child\" data-id=\"108b8e4\" data-element_type=\"container\" data-e-type=\"container\">\n\t\t<div class=\"elementor-element elementor-element-39b78c6 e-con-full e-flex e-con e-child\" data-id=\"39b78c6\" data-element_type=\"container\" data-e-type=\"container\">\n\t\t\t\t<div class=\"elementor-element elementor-element-7169ccb elementor-widget elementor-widget-text-editor\" data-id=\"7169ccb\" data-element_type=\"widget\" data-e-type=\"widget\" data-widget_type=\"text-editor.default\">\n\t\t\t\t<div class=\"elementor-widget-container\">\n\t\t\t\t\t\t\t\t\t<p data-start=\"46\" data-end=\"196\">Viele von euch haben seit Jahren ein klares Bild von eurem Hochzeitstag. Monatelang fiebert ihr diesem Moment entgegen \u2013 und er soll perfekt werden.<\/p><p data-start=\"198\" data-end=\"423\">Doch wer hat die Ringe? Was, wenn der DJ den Weg nicht findet? Wohin geh\u00f6rt die Torte? Solche Fragen sind am Hochzeitstag fehl am Platz. Als Weddingday Koordinatorin nehme ich euch genau diesen Stress ab \u2013 schon im Vorfeld.<\/p>\t\t\t\t\t\t\t\t<\/div>\n\t\t\t\t<\/div>\n\t\t\t\t<\/div>\n\t\t<div class=\"elementor-element elementor-element-7932bc6 e-con-full e-flex e-con e-child\" data-id=\"7932bc6\" data-element_type=\"container\" data-e-type=\"container\">\n\t\t\t\t<div class=\"elementor-element elementor-element-cb58598 elementor-widget elementor-widget-text-editor\" data-id=\"cb58598\" data-element_type=\"widget\" data-e-type=\"widget\" data-widget_type=\"text-editor.default\">\n\t\t\t\t<div class=\"elementor-widget-container\">\n\t\t\t\t\t\t\t\t\t<p data-start=\"425\" data-end=\"648\">Ihr habt so viel Herzblut, Zeit und Geld in die Planung gesteckt. Warum das Risiko eingehen, wenn Familie, Trauzeugen und Freunde den Tag doch mit euch feiern, lachen und tanzen sollten \u2013 statt sich um Details zu k\u00fcmmern?<\/p><p data-start=\"650\" data-end=\"864\">Mit einem klaren Tagesplan und als Ansprechpartnerin f\u00fcr G\u00e4ste und Dienstleister halte ich im Hintergrund die F\u00e4den in der Hand. So k\u00f6nnt ihr entspannt eure Feier genie\u00dfen \u2013 unbeschwert, leicht und voller Freude.<\/p>\t\t\t\t\t\t\t\t<\/div>\n\t\t\t\t<\/div>\n\t\t\t\t<\/div>\n\t\t\t\t<\/div>\n\t\t\t\t<div class=\"elementor-element elementor-element-2002984 elementor-align-left elementor-tablet-align-left elementor-widget elementor-widget-global elementor-global-8937 elementor-widget-button\" data-id=\"2002984\" data-element_type=\"widget\" data-e-type=\"widget\" data-widget_type=\"button.default\">\n\t\t\t\t<div class=\"elementor-widget-container\">\n\t\t\t\t\t\t\t\t\t<div class=\"elementor-button-wrapper\">\n\t\t\t\t\t<a class=\"elementor-button elementor-button-link elementor-size-sm elementor-animation-hang\" href=\"https:\/\/dw-weddings.com\/en\/kontakt\/\">\n\t\t\t\t\t\t<span class=\"elementor-button-content-wrapper\">\n\t\t\t\t\t\t\t\t\t<span class=\"elementor-button-text\">ZUM KOSTENLOSEN BERATUNGSGESPR\u00c4CH \u27f6<\/span>\n\t\t\t\t\t<\/span>\n\t\t\t\t\t<\/a>\n\t\t\t\t<\/div>\n\t\t\t\t\t\t\t\t<\/div>\n\t\t\t\t<\/div>\n\t\t\t\t<\/div>\n\t\t\t\t\t<\/div>\n\t\t\t\t<\/div>\n\t\t\t\t<section class=\"elementor-section elementor-top-section elementor-element elementor-element-7c35c06 elementor-section-height-min-height elementor-section-full_width elementor-section-items-stretch elementor-section-content-middle elementor-section-height-default\" data-id=\"7c35c06\" data-element_type=\"section\" data-e-type=\"section\" data-settings=\"{&quot;background_background&quot;:&quot;classic&quot;}\">\n\t\t\t\t\t\t<div class=\"elementor-container elementor-column-gap-no\">\n\t\t\t\t\t<div class=\"elementor-column elementor-col-50 elementor-top-column elementor-element elementor-element-33d53266\" data-id=\"33d53266\" data-element_type=\"column\" data-e-type=\"column\" data-settings=\"{&quot;background_background&quot;:&quot;classic&quot;}\">\n\t\t\t<div class=\"elementor-widget-wrap elementor-element-populated\">\n\t\t\t\t\t\t<div class=\"elementor-element elementor-element-70c0c54b elementor-widget elementor-widget-heading\" data-id=\"70c0c54b\" data-element_type=\"widget\" data-e-type=\"widget\" data-widget_type=\"heading.default\">\n\t\t\t\t<div class=\"elementor-widget-container\">\n\t\t\t\t\t<h2 class=\"elementor-heading-title elementor-size-default\">Kontakt aufnehmen<\/h2>\t\t\t\t<\/div>\n\t\t\t\t<\/div>\n\t\t\t\t<div class=\"elementor-element elementor-element-2ecdac17 elementor-widget elementor-widget-text-editor\" data-id=\"2ecdac17\" data-element_type=\"widget\" data-e-type=\"widget\" data-widget_type=\"text-editor.default\">\n\t\t\t\t<div class=\"elementor-widget-container\">\n\t\t\t\t\t\t\t\t\t<p style=\"text-align: left;\">Na, neugierig geworden? Meldet euch doch gerne \u00fcber das Kontaktformular, ich freue mich von euch zu h\u00f6ren und werde mich innerhalb von 48 h bei euch melden.<\/p>\t\t\t\t\t\t\t\t<\/div>\n\t\t\t\t<\/div>\n\t\t\t\t<div class=\"elementor-element elementor-element-a6ba9d6 elementor-align-left elementor-tablet-align-left elementor-widget elementor-widget-global elementor-global-8937 elementor-widget-button\" data-id=\"a6ba9d6\" data-element_type=\"widget\" data-e-type=\"widget\" data-widget_type=\"button.default\">\n\t\t\t\t<div class=\"elementor-widget-container\">\n\t\t\t\t\t\t\t\t\t<div class=\"elementor-button-wrapper\">\n\t\t\t\t\t<a class=\"elementor-button elementor-button-link elementor-size-sm elementor-animation-hang\" href=\"https:\/\/dw-weddings.com\/en\/kontakt\/\">\n\t\t\t\t\t\t<span class=\"elementor-button-content-wrapper\">\n\t\t\t\t\t\t\t\t\t<span class=\"elementor-button-text\">ZUM KOSTENLOSEN BERATUNGSGESPR\u00c4CH \u27f6<\/span>\n\t\t\t\t\t<\/span>\n\t\t\t\t\t<\/a>\n\t\t\t\t<\/div>\n\t\t\t\t\t\t\t\t<\/div>\n\t\t\t\t<\/div>\n\t\t\t\t\t<\/div>\n\t\t<\/div>\n\t\t\t\t<div class=\"elementor-column elementor-col-50 elementor-top-column elementor-element elementor-element-aa55734\" data-id=\"aa55734\" data-element_type=\"column\" data-e-type=\"column\" data-settings=\"{&quot;background_background&quot;:&quot;classic&quot;,&quot;background_motion_fx_motion_fx_scrolling&quot;:&quot;yes&quot;,&quot;background_motion_fx_translateY_effect&quot;:&quot;yes&quot;,&quot;background_motion_fx_translateY_speed&quot;:{&quot;unit&quot;:&quot;px&quot;,&quot;size&quot;:4,&quot;sizes&quot;:[]},&quot;background_motion_fx_translateY_affectedRange&quot;:{&quot;unit&quot;:&quot;%&quot;,&quot;size&quot;:&quot;&quot;,&quot;sizes&quot;:{&quot;start&quot;:0,&quot;end&quot;:100}},&quot;background_motion_fx_devices&quot;:[&quot;desktop&quot;,&quot;tablet&quot;,&quot;mobile&quot;]}\">\n\t\t\t<div class=\"elementor-widget-wrap elementor-element-populated\">\n\t\t\t\t\t\t<div class=\"elementor-element elementor-element-30899641 elementor-widget elementor-widget-spacer\" data-id=\"30899641\" data-element_type=\"widget\" data-e-type=\"widget\" data-widget_type=\"spacer.default\">\n\t\t\t\t<div class=\"elementor-widget-container\">\n\t\t\t\t\t\t\t<div class=\"elementor-spacer\">\n\t\t\t<div class=\"elementor-spacer-inner\"><\/div>\n\t\t<\/div>\n\t\t\t\t\t\t<\/div>\n\t\t\t\t<\/div>\n\t\t\t\t\t<\/div>\n\t\t<\/div>\n\t\t\t\t\t<\/div>\n\t\t<\/section>\n\t\t\t\t<\/div>\n\t\t","protected":false},"excerpt":{"rendered":"<p>Weddingday Koordinatorin Ein stressfreier Hochzeitstag? Yes, please! Stellt euch vor, da ist jemand, der den kompletten \u00dcberblick \u00fcber alles hat, all eure W\u00fcnsche, Vorstellungen und Sorgen kennt und sofort wei\u00df, was zu tun ist, sollte sich etwas Unvorhergesehenes anbahnen. Jemand, der auf jedes noch so kleine Detail achtet \u2013 und dabei nicht zu euren G\u00e4sten, [&hellip;]<\/p>\n","protected":false},"author":1,"featured_media":0,"parent":0,"menu_order":0,"comment_status":"closed","ping_status":"closed","template":"elementor_header_footer","meta":{"_acf_changed":false,"footnotes":""},"class_list":["post-61","page","type-page","status-publish","hentry"],"acf":[],"_links":{"self":[{"href":"https:\/\/dw-weddings.com\/en\/wp-json\/wp\/v2\/pages\/61","targetHints":{"allow":["GET"]}}],"collection":[{"href":"https:\/\/dw-weddings.com\/en\/wp-json\/wp\/v2\/pages"}],"about":[{"href":"https:\/\/dw-weddings.com\/en\/wp-json\/wp\/v2\/types\/page"}],"author":[{"embeddable":true,"href":"https:\/\/dw-weddings.com\/en\/wp-json\/wp\/v2\/users\/1"}],"replies":[{"embeddable":true,"href":"https:\/\/dw-weddings.com\/en\/wp-json\/wp\/v2\/comments?post=61"}],"version-history":[{"count":10,"href":"https:\/\/dw-weddings.com\/en\/wp-json\/wp\/v2\/pages\/61\/revisions"}],"predecessor-version":[{"id":9567,"href":"https:\/\/dw-weddings.com\/en\/wp-json\/wp\/v2\/pages\/61\/revisions\/9567"}],"wp:attachment":[{"href":"https:\/\/dw-weddings.com\/en\/wp-json\/wp\/v2\/media?parent=61"}],"curies":[{"name":"wp","href":"https:\/\/api.w.org\/{rel}","templated":true}]}}