{"id":55,"date":"2023-04-06T23:34:56","date_gmt":"2023-04-06T21:34:56","guid":{"rendered":"https:\/\/gluecksgefuehle-weddings.at\/leistung-3\/"},"modified":"2026-04-14T13:48:28","modified_gmt":"2026-04-14T11:48:28","slug":"weddingweekend","status":"publish","type":"page","link":"https:\/\/dw-weddings.com\/en\/weddingweekend\/","title":{"rendered":"Wedding weekend"},"content":{"rendered":"\t\t<div data-elementor-type=\"wp-page\" data-elementor-id=\"55\" class=\"elementor elementor-55\" data-elementor-post-type=\"page\">\n\t\t\t\t\t\t<section class=\"elementor-section elementor-top-section elementor-element elementor-element-6460348 elementor-section-height-min-height elementor-section-items-stretch elementor-section-content-middle elementor-section-boxed elementor-section-height-default\" data-id=\"6460348\" data-element_type=\"section\" data-e-type=\"section\" data-settings=\"{&quot;background_background&quot;:&quot;classic&quot;}\">\n\t\t\t\t\t\t<div class=\"elementor-container elementor-column-gap-no\">\n\t\t\t\t\t<div class=\"elementor-column elementor-col-100 elementor-top-column elementor-element elementor-element-cd2d8e6\" data-id=\"cd2d8e6\" data-element_type=\"column\" data-e-type=\"column\">\n\t\t\t<div class=\"elementor-widget-wrap elementor-element-populated\">\n\t\t\t\t\t\t<div class=\"elementor-element elementor-element-496ca1c elementor-invisible elementor-widget elementor-widget-heading\" data-id=\"496ca1c\" data-element_type=\"widget\" data-e-type=\"widget\" data-settings=\"{&quot;_animation&quot;:&quot;fadeIn&quot;}\" data-widget_type=\"heading.default\">\n\t\t\t\t<div class=\"elementor-widget-container\">\n\t\t\t\t\t<h1 class=\"elementor-heading-title elementor-size-default\">Exklusives Wedding-Weekend<\/h1>\t\t\t\t<\/div>\n\t\t\t\t<\/div>\n\t\t\t\t\t<\/div>\n\t\t<\/div>\n\t\t\t\t\t<\/div>\n\t\t<\/section>\n\t\t\t\t<section class=\"elementor-section elementor-top-section elementor-element elementor-element-69466b7 elementor-section-boxed elementor-section-height-default elementor-section-height-default\" data-id=\"69466b7\" data-element_type=\"section\" data-e-type=\"section\">\n\t\t\t\t\t\t<div class=\"elementor-container elementor-column-gap-default\">\n\t\t\t\t\t<div class=\"elementor-column elementor-col-100 elementor-top-column elementor-element elementor-element-567f0c0\" data-id=\"567f0c0\" data-element_type=\"column\" data-e-type=\"column\">\n\t\t\t<div class=\"elementor-widget-wrap elementor-element-populated\">\n\t\t\t\t\t\t<section class=\"elementor-section elementor-inner-section elementor-element elementor-element-47ce19c elementor-section-full_width elementor-section-height-default elementor-section-height-default\" data-id=\"47ce19c\" data-element_type=\"section\" data-e-type=\"section\">\n\t\t\t\t\t\t<div class=\"elementor-container elementor-column-gap-default\">\n\t\t\t\t\t<div class=\"elementor-column elementor-col-33 elementor-inner-column elementor-element elementor-element-ed0250b\" data-id=\"ed0250b\" data-element_type=\"column\" data-e-type=\"column\">\n\t\t\t<div class=\"elementor-widget-wrap elementor-element-populated\">\n\t\t\t\t\t\t<div class=\"elementor-element elementor-element-8f7e60c elementor-widget elementor-widget-image\" data-id=\"8f7e60c\" data-element_type=\"widget\" data-e-type=\"widget\" data-widget_type=\"image.default\">\n\t\t\t\t<div class=\"elementor-widget-container\">\n\t\t\t\t\t\t\t\t\t\t\t\t\t\t\t<img fetchpriority=\"high\" decoding=\"async\" width=\"732\" height=\"1024\" src=\"https:\/\/dw-weddings.com\/wp-content\/uploads\/2025\/08\/Luxury-Weddingweekend-Lech-am-Arlberg-271-732x1024.jpg\" class=\"attachment-large size-large wp-image-6534\" alt=\"Braut und Br\u00e4utigam tanzen fr\u00f6hlich mit G\u00e4sten, die Wunderkerzen in der Hand halten, bei einer lebhaften Hochzeitsfeier in der malerischen Bodensee-Region.\" srcset=\"https:\/\/dw-weddings.com\/wp-content\/uploads\/2025\/08\/Luxury-Weddingweekend-Lech-am-Arlberg-271-732x1024.jpg 732w, https:\/\/dw-weddings.com\/wp-content\/uploads\/2025\/08\/Luxury-Weddingweekend-Lech-am-Arlberg-271-214x300.jpg 214w, https:\/\/dw-weddings.com\/wp-content\/uploads\/2025\/08\/Luxury-Weddingweekend-Lech-am-Arlberg-271-768x1075.jpg 768w, https:\/\/dw-weddings.com\/wp-content\/uploads\/2025\/08\/Luxury-Weddingweekend-Lech-am-Arlberg-271-1097x1536.jpg 1097w, https:\/\/dw-weddings.com\/wp-content\/uploads\/2025\/08\/Luxury-Weddingweekend-Lech-am-Arlberg-271.jpg 1143w\" sizes=\"(max-width: 732px) 100vw, 732px\" \/>\t\t\t\t\t\t\t\t\t\t\t\t\t\t\t<\/div>\n\t\t\t\t<\/div>\n\t\t\t\t\t<\/div>\n\t\t<\/div>\n\t\t\t\t<div class=\"elementor-column elementor-col-33 elementor-inner-column elementor-element elementor-element-0cc1280\" data-id=\"0cc1280\" data-element_type=\"column\" data-e-type=\"column\">\n\t\t\t<div class=\"elementor-widget-wrap elementor-element-populated\">\n\t\t\t\t\t\t<div class=\"elementor-element elementor-element-e663c89 elementor-widget elementor-widget-image\" data-id=\"e663c89\" data-element_type=\"widget\" data-e-type=\"widget\" data-widget_type=\"image.default\">\n\t\t\t\t<div class=\"elementor-widget-container\">\n\t\t\t\t\t\t\t\t\t\t\t\t\t\t\t<img decoding=\"async\" width=\"732\" height=\"1024\" src=\"https:\/\/dw-weddings.com\/wp-content\/uploads\/2025\/08\/Luxury-Weddingweekend-Lech-am-Arlberg-232-732x1024.jpg\" class=\"attachment-large size-large wp-image-6495\" alt=\"Drei Personen posieren im Freien in der Bodenseeregion; eine tr\u00e4gt einen Smoking, eine ein wei\u00dfes Kleid und eine einen hellen Blazer, mit den Bergen im Hintergrund - und fangen die Freude \u00fcber ein Hochzeitswochenende in \u00d6sterreich ein.\" srcset=\"https:\/\/dw-weddings.com\/wp-content\/uploads\/2025\/08\/Luxury-Weddingweekend-Lech-am-Arlberg-232-732x1024.jpg 732w, https:\/\/dw-weddings.com\/wp-content\/uploads\/2025\/08\/Luxury-Weddingweekend-Lech-am-Arlberg-232-214x300.jpg 214w, https:\/\/dw-weddings.com\/wp-content\/uploads\/2025\/08\/Luxury-Weddingweekend-Lech-am-Arlberg-232-768x1075.jpg 768w, https:\/\/dw-weddings.com\/wp-content\/uploads\/2025\/08\/Luxury-Weddingweekend-Lech-am-Arlberg-232-1097x1536.jpg 1097w, https:\/\/dw-weddings.com\/wp-content\/uploads\/2025\/08\/Luxury-Weddingweekend-Lech-am-Arlberg-232.jpg 1143w\" sizes=\"(max-width: 732px) 100vw, 732px\" \/>\t\t\t\t\t\t\t\t\t\t\t\t\t\t\t<\/div>\n\t\t\t\t<\/div>\n\t\t\t\t\t<\/div>\n\t\t<\/div>\n\t\t\t\t<div class=\"elementor-column elementor-col-33 elementor-inner-column elementor-element elementor-element-52294ba\" data-id=\"52294ba\" data-element_type=\"column\" data-e-type=\"column\">\n\t\t\t<div class=\"elementor-widget-wrap elementor-element-populated\">\n\t\t\t\t\t\t<div class=\"elementor-element elementor-element-b128eed elementor-widget elementor-widget-image\" data-id=\"b128eed\" data-element_type=\"widget\" data-e-type=\"widget\" data-widget_type=\"image.default\">\n\t\t\t\t<div class=\"elementor-widget-container\">\n\t\t\t\t\t\t\t\t\t\t\t\t\t\t\t<img decoding=\"async\" width=\"732\" height=\"1024\" src=\"https:\/\/dw-weddings.com\/wp-content\/uploads\/2025\/08\/Luxury-Weddingweekend-Lech-am-Arlberg-181-732x1024.jpg\" class=\"attachment-large size-large wp-image-6444\" alt=\"Braut und Br\u00e4utigam stehen neben einem Oldtimer auf einer Bergstra\u00dfe in der Bodensee-Region und schauen sich an, Schwarz-Wei\u00df-Foto.\" srcset=\"https:\/\/dw-weddings.com\/wp-content\/uploads\/2025\/08\/Luxury-Weddingweekend-Lech-am-Arlberg-181-732x1024.jpg 732w, https:\/\/dw-weddings.com\/wp-content\/uploads\/2025\/08\/Luxury-Weddingweekend-Lech-am-Arlberg-181-214x300.jpg 214w, https:\/\/dw-weddings.com\/wp-content\/uploads\/2025\/08\/Luxury-Weddingweekend-Lech-am-Arlberg-181-768x1075.jpg 768w, https:\/\/dw-weddings.com\/wp-content\/uploads\/2025\/08\/Luxury-Weddingweekend-Lech-am-Arlberg-181-1097x1536.jpg 1097w, https:\/\/dw-weddings.com\/wp-content\/uploads\/2025\/08\/Luxury-Weddingweekend-Lech-am-Arlberg-181.jpg 1143w\" sizes=\"(max-width: 732px) 100vw, 732px\" \/>\t\t\t\t\t\t\t\t\t\t\t\t\t\t\t<\/div>\n\t\t\t\t<\/div>\n\t\t\t\t\t<\/div>\n\t\t<\/div>\n\t\t\t\t\t<\/div>\n\t\t<\/section>\n\t\t\t\t<div class=\"elementor-element elementor-element-abb9144 elementor-widget elementor-widget-spacer\" data-id=\"abb9144\" data-element_type=\"widget\" data-e-type=\"widget\" data-widget_type=\"spacer.default\">\n\t\t\t\t<div class=\"elementor-widget-container\">\n\t\t\t\t\t\t\t<div class=\"elementor-spacer\">\n\t\t\t<div class=\"elementor-spacer-inner\"><\/div>\n\t\t<\/div>\n\t\t\t\t\t\t<\/div>\n\t\t\t\t<\/div>\n\t\t\t\t\t<\/div>\n\t\t<\/div>\n\t\t\t\t\t<\/div>\n\t\t<\/section>\n\t\t\t\t<section class=\"elementor-section elementor-top-section elementor-element elementor-element-10d8f23 elementor-section-full_width elementor-section-height-min-height elementor-section-items-stretch elementor-section-content-middle elementor-section-height-default\" data-id=\"10d8f23\" data-element_type=\"section\" data-e-type=\"section\">\n\t\t\t\t\t\t<div class=\"elementor-container elementor-column-gap-no\">\n\t\t\t\t\t<div class=\"elementor-column elementor-col-100 elementor-top-column elementor-element elementor-element-32744c0\" data-id=\"32744c0\" data-element_type=\"column\" data-e-type=\"column\">\n\t\t\t<div class=\"elementor-widget-wrap elementor-element-populated\">\n\t\t\t\t\t\t<div class=\"elementor-element elementor-element-9db6991 elementor-widget__width-initial elementor-widget elementor-widget-text-editor\" data-id=\"9db6991\" data-element_type=\"widget\" data-e-type=\"widget\" data-widget_type=\"text-editor.default\">\n\t\t\t\t<div class=\"elementor-widget-container\">\n\t\t\t\t\t\t\t\t\t<p data-start=\"175\" data-end=\"376\">Bei der Planung eines Wedding Weekends entwickle ich gemeinsam mit meinen Paaren eine klare Vision und ein individuelles Signature Concept, das sich wie ein roter Faden durch alle Tage zieht. Ich kuratiere exklusive Locations f\u00fcr Welcome Event, Hochzeitstag und Farewell Brunch und kreiere besondere Erlebnisse, die den G\u00e4sten ein unvergessliches Wochenende bieten. Handverlesene Dienstleister werden sorgf\u00e4ltig ausgew\u00e4hlt und perfekt aufeinander abgestimmt, w\u00e4hrend eine pr\u00e4zise Master-Timeline f\u00fcr einen harmonischen Ablauf und nahtlose \u00dcberg\u00e4nge sorgt. Die gesamte Guest Experience \u2013 von Anreise und Unterk\u00fcnften bis hin zu stilvollen Details und klarer Kommunikation \u2013 wird ganzheitlich geplant. Im finalen Feinschliff entstehen ein exklusiver Masterplan und absolute Planungssicherheit, sodass das Wedding Weekend entspannt, luxuri\u00f6s und bis ins Detail durchdacht umgesetzt werden kann.<\/p>\t\t\t\t\t\t\t\t<\/div>\n\t\t\t\t<\/div>\n\t\t\t\t<div class=\"elementor-element elementor-element-2789c85 elementor-widget elementor-widget-spacer\" data-id=\"2789c85\" data-element_type=\"widget\" data-e-type=\"widget\" data-widget_type=\"spacer.default\">\n\t\t\t\t<div class=\"elementor-widget-container\">\n\t\t\t\t\t\t\t<div class=\"elementor-spacer\">\n\t\t\t<div class=\"elementor-spacer-inner\"><\/div>\n\t\t<\/div>\n\t\t\t\t\t\t<\/div>\n\t\t\t\t<\/div>\n\t\t\t\t<div class=\"elementor-element elementor-element-d6d4c6f elementor-widget elementor-widget-text-editor\" data-id=\"d6d4c6f\" data-element_type=\"widget\" data-e-type=\"widget\" data-widget_type=\"text-editor.default\">\n\t\t\t\t<div class=\"elementor-widget-container\">\n\t\t\t\t\t\t\t\t\t<p style=\"text-align: left;\">Ablauf Wedding-Weekend:<\/p>\t\t\t\t\t\t\t\t<\/div>\n\t\t\t\t<\/div>\n\t\t\t\t<div class=\"elementor-element elementor-element-b80041e elementor-widget__width-initial elementor-widget elementor-widget-text-editor\" data-id=\"b80041e\" data-element_type=\"widget\" data-e-type=\"widget\" data-widget_type=\"text-editor.default\">\n\t\t\t\t<div class=\"elementor-widget-container\">\n\t\t\t\t\t\t\t\t\t<ul><li>5 \u2013 6 Planungsgespr\u00e4che und eine laufende Abstimmung untereinander<\/li><li>Erstellung von Budget- und Zeitplan, welche individuell auf Euch angepasst sind<\/li><li>Locationsuche anhand Eurer Vorgaben und Pr\u00fcfung auf Verf\u00fcgbarkeit<\/li><li>Einholung der Angebote und Vermittlung mit allen gew\u00fcnschten Hochzeitsdienstleistern<\/li><li>Konkrete Absprache und Koordination mit den Hochzeitsdienstleistern<\/li><li>Erstellung eines einheitlichen Hochzeitskonzepts (Floristik, Dekoration etc.) nach Euren Vorstellungen<\/li><li>Detaillierter Tagesplan f\u00fcr den Hochzeitstag<\/li><li>Betreuung und Beratung w\u00e4hrend der gesamten Planungsphase und am Hochzeitstag (Haupttag)<\/li><\/ul>\t\t\t\t\t\t\t\t<\/div>\n\t\t\t\t<\/div>\n\t\t\t\t<div class=\"elementor-element elementor-element-b81a27f elementor-align-left elementor-tablet-align-left elementor-widget elementor-widget-global elementor-global-8937 elementor-widget-button\" data-id=\"b81a27f\" data-element_type=\"widget\" data-e-type=\"widget\" data-widget_type=\"button.default\">\n\t\t\t\t<div class=\"elementor-widget-container\">\n\t\t\t\t\t\t\t\t\t<div class=\"elementor-button-wrapper\">\n\t\t\t\t\t<a class=\"elementor-button elementor-button-link elementor-size-sm elementor-animation-hang\" href=\"https:\/\/dw-weddings.com\/en\/kontakt\/\">\n\t\t\t\t\t\t<span class=\"elementor-button-content-wrapper\">\n\t\t\t\t\t\t\t\t\t<span class=\"elementor-button-text\">ZUM KOSTENLOSEN BERATUNGSGESPR\u00c4CH \u27f6<\/span>\n\t\t\t\t\t<\/span>\n\t\t\t\t\t<\/a>\n\t\t\t\t<\/div>\n\t\t\t\t\t\t\t\t<\/div>\n\t\t\t\t<\/div>\n\t\t\t\t<div class=\"elementor-element elementor-element-5ddfbb2 elementor-widget elementor-widget-spacer\" data-id=\"5ddfbb2\" data-element_type=\"widget\" data-e-type=\"widget\" data-widget_type=\"spacer.default\">\n\t\t\t\t<div class=\"elementor-widget-container\">\n\t\t\t\t\t\t\t<div class=\"elementor-spacer\">\n\t\t\t<div class=\"elementor-spacer-inner\"><\/div>\n\t\t<\/div>\n\t\t\t\t\t\t<\/div>\n\t\t\t\t<\/div>\n\t\t\t\t\t<\/div>\n\t\t<\/div>\n\t\t\t\t\t<\/div>\n\t\t<\/section>\n\t\t<div class=\"elementor-element elementor-element-b1d5607 elementor-hidden-mobile e-flex e-con-boxed e-con e-parent\" data-id=\"b1d5607\" data-element_type=\"container\" data-e-type=\"container\" data-settings=\"{&quot;background_background&quot;:&quot;classic&quot;}\">\n\t\t\t\t\t<div class=\"e-con-inner\">\n\t\t\t\t\t<\/div>\n\t\t\t\t<\/div>\n\t\t<div class=\"elementor-element elementor-element-497ef47 e-flex e-con-boxed e-con e-parent\" data-id=\"497ef47\" data-element_type=\"container\" data-e-type=\"container\" data-settings=\"{&quot;background_background&quot;:&quot;classic&quot;}\">\n\t\t\t\t\t<div class=\"e-con-inner\">\n\t\t\t\t<div class=\"elementor-element elementor-element-d732c19 elementor-widget elementor-widget-image\" data-id=\"d732c19\" data-element_type=\"widget\" data-e-type=\"widget\" data-widget_type=\"image.default\">\n\t\t\t\t<div class=\"elementor-widget-container\">\n\t\t\t\t\t\t\t\t\t\t\t\t\t\t\t<img loading=\"lazy\" decoding=\"async\" width=\"768\" height=\"768\" src=\"https:\/\/dw-weddings.com\/wp-content\/uploads\/2026\/04\/denise-wolf-weddings-logo3-768x768.png\" class=\"attachment-medium_large size-medium_large wp-image-9531\" alt=\"\" srcset=\"https:\/\/dw-weddings.com\/wp-content\/uploads\/2026\/04\/denise-wolf-weddings-logo3-768x768.png 768w, https:\/\/dw-weddings.com\/wp-content\/uploads\/2026\/04\/denise-wolf-weddings-logo3-300x300.png 300w, https:\/\/dw-weddings.com\/wp-content\/uploads\/2026\/04\/denise-wolf-weddings-logo3-1024x1024.png 1024w, https:\/\/dw-weddings.com\/wp-content\/uploads\/2026\/04\/denise-wolf-weddings-logo3-150x150.png 150w, https:\/\/dw-weddings.com\/wp-content\/uploads\/2026\/04\/denise-wolf-weddings-logo3-1536x1536.png 1536w, https:\/\/dw-weddings.com\/wp-content\/uploads\/2026\/04\/denise-wolf-weddings-logo3-2048x2048.png 2048w, https:\/\/dw-weddings.com\/wp-content\/uploads\/2026\/04\/denise-wolf-weddings-logo3-12x12.png 12w\" sizes=\"(max-width: 768px) 100vw, 768px\" \/>\t\t\t\t\t\t\t\t\t\t\t\t\t\t\t<\/div>\n\t\t\t\t<\/div>\n\t\t\t\t\t<\/div>\n\t\t\t\t<\/div>\n\t\t<div class=\"elementor-element elementor-element-58bb64e e-flex e-con-boxed e-con e-parent\" data-id=\"58bb64e\" data-element_type=\"container\" data-e-type=\"container\">\n\t\t\t\t\t<div class=\"e-con-inner\">\n\t\t<div class=\"elementor-element elementor-element-d650bce e-con-full e-flex e-con e-child\" data-id=\"d650bce\" data-element_type=\"container\" data-e-type=\"container\">\n\t\t\t\t<div class=\"elementor-element elementor-element-fb8c22e elementor-widget elementor-widget-heading\" data-id=\"fb8c22e\" data-element_type=\"widget\" data-e-type=\"widget\" data-widget_type=\"heading.default\">\n\t\t\t\t<div class=\"elementor-widget-container\">\n\t\t\t\t\t<h2 class=\"elementor-heading-title elementor-size-default\">Eure Vorteile <\/h2>\t\t\t\t<\/div>\n\t\t\t\t<\/div>\n\t\t<div class=\"elementor-element elementor-element-0992444 e-con-full e-flex e-con e-child\" data-id=\"0992444\" data-element_type=\"container\" data-e-type=\"container\">\n\t\t<div class=\"elementor-element elementor-element-1a770dd e-con-full e-flex e-con e-child\" data-id=\"1a770dd\" data-element_type=\"container\" data-e-type=\"container\">\n\t\t\t\t<div class=\"elementor-element elementor-element-010d642 elementor-widget elementor-widget-text-editor\" data-id=\"010d642\" data-element_type=\"widget\" data-e-type=\"widget\" data-widget_type=\"text-editor.default\">\n\t\t\t\t<div class=\"elementor-widget-container\">\n\t\t\t\t\t\t\t\t\t<p data-start=\"15\" data-end=\"464\">Wenn ihr euch f\u00fcr ein Wedding Weekend mit mir entscheidet, schenkt ihr euch vor allem eines: Leichtigkeit. Ich begleite euch \u00fcber mehrere Tage hinweg mit einem ganzheitlichen Blick und sorge daf\u00fcr, dass aus einzelnen Programmpunkten ein stimmiges, luxuri\u00f6ses Gesamterlebnis entsteht. Ihr m\u00fcsst euch nicht mit Details, Abstimmungen oder Zeitpl\u00e4nen besch\u00e4ftigen \u2013 ich halte den \u00dcberblick, denke voraus und treffe klare Entscheidungen in eurem Sinne.<\/p><p data-start=\"466\" data-end=\"941\">F\u00fcr euch bedeutet das kurze Wege, einen festen Ansprechpartner und absolute Planungssicherheit.<\/p>\t\t\t\t\t\t\t\t<\/div>\n\t\t\t\t<\/div>\n\t\t\t\t<\/div>\n\t\t<div class=\"elementor-element elementor-element-68582ce e-con-full e-flex e-con e-child\" data-id=\"68582ce\" data-element_type=\"container\" data-e-type=\"container\">\n\t\t\t\t<div class=\"elementor-element elementor-element-8af8c9c elementor-widget elementor-widget-text-editor\" data-id=\"8af8c9c\" data-element_type=\"widget\" data-e-type=\"widget\" data-widget_type=\"text-editor.default\">\n\t\t\t\t<div class=\"elementor-widget-container\">\n\t\t\t\t\t\t\t\t\t<p data-start=\"466\" data-end=\"941\">Ich \u00fcbersetze eure W\u00fcnsche in ein individuelles Konzept, w\u00e4hle die passenden Dienstleister aus und koordiniere alle Abl\u00e4ufe so, dass ihr euch voll und ganz auf euch selbst und eure G\u00e4ste konzentrieren k\u00f6nnt. W\u00e4hrend eures Wedding Weekends d\u00fcrft ihr loslassen, genie\u00dfen und pr\u00e4sent sein \u2013 in dem Wissen, dass jedes Detail mit Sorgfalt, Stil und h\u00f6chstem Anspruch umgesetzt wird.<\/p><p data-start=\"943\" data-end=\"1123\" data-is-last-node=\"\" data-is-only-node=\"\">Ein Wedding Weekend mit mir ist kein zus\u00e4tzlicher Programmpunkt, sondern ein Versprechen: auf Qualit\u00e4t, Ruhe und ein Fest, das sich f\u00fcr euch m\u00fchelos und selbstverst\u00e4ndlich anf\u00fchlt.<\/p>\t\t\t\t\t\t\t\t<\/div>\n\t\t\t\t<\/div>\n\t\t\t\t<\/div>\n\t\t\t\t<\/div>\n\t\t\t\t<div class=\"elementor-element elementor-element-97abf22 elementor-align-left elementor-tablet-align-left elementor-widget elementor-widget-global elementor-global-8937 elementor-widget-button\" data-id=\"97abf22\" data-element_type=\"widget\" data-e-type=\"widget\" data-widget_type=\"button.default\">\n\t\t\t\t<div class=\"elementor-widget-container\">\n\t\t\t\t\t\t\t\t\t<div class=\"elementor-button-wrapper\">\n\t\t\t\t\t<a class=\"elementor-button elementor-button-link elementor-size-sm elementor-animation-hang\" href=\"https:\/\/dw-weddings.com\/en\/kontakt\/\">\n\t\t\t\t\t\t<span class=\"elementor-button-content-wrapper\">\n\t\t\t\t\t\t\t\t\t<span class=\"elementor-button-text\">ZUM KOSTENLOSEN BERATUNGSGESPR\u00c4CH \u27f6<\/span>\n\t\t\t\t\t<\/span>\n\t\t\t\t\t<\/a>\n\t\t\t\t<\/div>\n\t\t\t\t\t\t\t\t<\/div>\n\t\t\t\t<\/div>\n\t\t\t\t<\/div>\n\t\t\t\t\t<\/div>\n\t\t\t\t<\/div>\n\t\t\t\t<section class=\"elementor-section elementor-top-section elementor-element elementor-element-9a5beb5 elementor-section-height-min-height elementor-section-full_width elementor-section-items-stretch elementor-section-content-middle elementor-section-height-default\" data-id=\"9a5beb5\" data-element_type=\"section\" data-e-type=\"section\" data-settings=\"{&quot;background_background&quot;:&quot;classic&quot;}\">\n\t\t\t\t\t\t<div class=\"elementor-container elementor-column-gap-no\">\n\t\t\t\t\t<div class=\"elementor-column elementor-col-50 elementor-top-column elementor-element elementor-element-6438b6fa\" data-id=\"6438b6fa\" data-element_type=\"column\" data-e-type=\"column\" data-settings=\"{&quot;background_background&quot;:&quot;classic&quot;}\">\n\t\t\t<div class=\"elementor-widget-wrap elementor-element-populated\">\n\t\t\t\t\t\t<div class=\"elementor-element elementor-element-448733f8 elementor-widget elementor-widget-heading\" data-id=\"448733f8\" data-element_type=\"widget\" data-e-type=\"widget\" data-widget_type=\"heading.default\">\n\t\t\t\t<div class=\"elementor-widget-container\">\n\t\t\t\t\t<h2 class=\"elementor-heading-title elementor-size-default\">Kontakt aufnehmen<\/h2>\t\t\t\t<\/div>\n\t\t\t\t<\/div>\n\t\t\t\t<div class=\"elementor-element elementor-element-469e4b28 elementor-widget elementor-widget-text-editor\" data-id=\"469e4b28\" data-element_type=\"widget\" data-e-type=\"widget\" data-widget_type=\"text-editor.default\">\n\t\t\t\t<div class=\"elementor-widget-container\">\n\t\t\t\t\t\t\t\t\t<p style=\"text-align: left;\">Na, neugierig geworden? Meldet euch doch gerne \u00fcber das Kontaktformular, ich freue mich von euch zu h\u00f6ren und werde mich innerhalb von 48 h bei euch melden.<\/p>\t\t\t\t\t\t\t\t<\/div>\n\t\t\t\t<\/div>\n\t\t\t\t<div class=\"elementor-element elementor-element-6b08ebd elementor-align-left elementor-tablet-align-left elementor-widget elementor-widget-global elementor-global-8937 elementor-widget-button\" data-id=\"6b08ebd\" data-element_type=\"widget\" data-e-type=\"widget\" data-widget_type=\"button.default\">\n\t\t\t\t<div class=\"elementor-widget-container\">\n\t\t\t\t\t\t\t\t\t<div class=\"elementor-button-wrapper\">\n\t\t\t\t\t<a class=\"elementor-button elementor-button-link elementor-size-sm elementor-animation-hang\" href=\"https:\/\/dw-weddings.com\/en\/kontakt\/\">\n\t\t\t\t\t\t<span class=\"elementor-button-content-wrapper\">\n\t\t\t\t\t\t\t\t\t<span class=\"elementor-button-text\">ZUM KOSTENLOSEN BERATUNGSGESPR\u00c4CH \u27f6<\/span>\n\t\t\t\t\t<\/span>\n\t\t\t\t\t<\/a>\n\t\t\t\t<\/div>\n\t\t\t\t\t\t\t\t<\/div>\n\t\t\t\t<\/div>\n\t\t\t\t\t<\/div>\n\t\t<\/div>\n\t\t\t\t<div class=\"elementor-column elementor-col-50 elementor-top-column elementor-element elementor-element-242f74fa\" data-id=\"242f74fa\" data-element_type=\"column\" data-e-type=\"column\" data-settings=\"{&quot;background_background&quot;:&quot;classic&quot;,&quot;background_motion_fx_motion_fx_scrolling&quot;:&quot;yes&quot;,&quot;background_motion_fx_translateY_effect&quot;:&quot;yes&quot;,&quot;background_motion_fx_translateY_speed&quot;:{&quot;unit&quot;:&quot;px&quot;,&quot;size&quot;:4,&quot;sizes&quot;:[]},&quot;background_motion_fx_translateY_affectedRange&quot;:{&quot;unit&quot;:&quot;%&quot;,&quot;size&quot;:&quot;&quot;,&quot;sizes&quot;:{&quot;start&quot;:0,&quot;end&quot;:100}},&quot;background_motion_fx_devices&quot;:[&quot;desktop&quot;,&quot;tablet&quot;,&quot;mobile&quot;]}\">\n\t\t\t<div class=\"elementor-widget-wrap elementor-element-populated\">\n\t\t\t\t\t\t<div class=\"elementor-element elementor-element-22141198 elementor-widget elementor-widget-spacer\" data-id=\"22141198\" data-element_type=\"widget\" data-e-type=\"widget\" data-widget_type=\"spacer.default\">\n\t\t\t\t<div class=\"elementor-widget-container\">\n\t\t\t\t\t\t\t<div class=\"elementor-spacer\">\n\t\t\t<div class=\"elementor-spacer-inner\"><\/div>\n\t\t<\/div>\n\t\t\t\t\t\t<\/div>\n\t\t\t\t<\/div>\n\t\t\t\t\t<\/div>\n\t\t<\/div>\n\t\t\t\t\t<\/div>\n\t\t<\/section>\n\t\t\t\t<\/div>\n\t\t","protected":false},"excerpt":{"rendered":"<p>Exklusives Wedding-Weekend Bei der Planung eines Wedding Weekends entwickle ich gemeinsam mit meinen Paaren eine klare Vision und ein individuelles Signature Concept, das sich wie ein roter Faden durch alle Tage zieht. Ich kuratiere exklusive Locations f\u00fcr Welcome Event, Hochzeitstag und Farewell Brunch und kreiere besondere Erlebnisse, die den G\u00e4sten ein unvergessliches Wochenende bieten. Handverlesene [&hellip;]<\/p>\n","protected":false},"author":1,"featured_media":0,"parent":0,"menu_order":0,"comment_status":"closed","ping_status":"closed","template":"elementor_header_footer","meta":{"_acf_changed":false,"footnotes":""},"class_list":["post-55","page","type-page","status-publish","hentry"],"acf":[],"_links":{"self":[{"href":"https:\/\/dw-weddings.com\/en\/wp-json\/wp\/v2\/pages\/55","targetHints":{"allow":["GET"]}}],"collection":[{"href":"https:\/\/dw-weddings.com\/en\/wp-json\/wp\/v2\/pages"}],"about":[{"href":"https:\/\/dw-weddings.com\/en\/wp-json\/wp\/v2\/types\/page"}],"author":[{"embeddable":true,"href":"https:\/\/dw-weddings.com\/en\/wp-json\/wp\/v2\/users\/1"}],"replies":[{"embeddable":true,"href":"https:\/\/dw-weddings.com\/en\/wp-json\/wp\/v2\/comments?post=55"}],"version-history":[{"count":10,"href":"https:\/\/dw-weddings.com\/en\/wp-json\/wp\/v2\/pages\/55\/revisions"}],"predecessor-version":[{"id":9570,"href":"https:\/\/dw-weddings.com\/en\/wp-json\/wp\/v2\/pages\/55\/revisions\/9570"}],"wp:attachment":[{"href":"https:\/\/dw-weddings.com\/en\/wp-json\/wp\/v2\/media?parent=55"}],"curies":[{"name":"wp","href":"https:\/\/api.w.org\/{rel}","templated":true}]}}