{"id":157,"date":"2023-04-07T09:08:43","date_gmt":"2023-04-07T07:08:43","guid":{"rendered":"https:\/\/gluecksgefuehle-weddings.at\/?page_id=157"},"modified":"2026-04-14T13:44:03","modified_gmt":"2026-04-14T11:44:03","slug":"partial-planning","status":"publish","type":"page","link":"https:\/\/dw-weddings.com\/en\/teilplanung\/","title":{"rendered":"Partial planning"},"content":{"rendered":"\t\t<div data-elementor-type=\"wp-page\" data-elementor-id=\"157\" class=\"elementor elementor-157\" data-elementor-post-type=\"page\">\n\t\t\t\t\t\t<section class=\"elementor-section elementor-top-section elementor-element elementor-element-61ce95a7 elementor-section-height-min-height elementor-section-items-stretch elementor-section-content-middle elementor-section-boxed elementor-section-height-default\" data-id=\"61ce95a7\" data-element_type=\"section\" data-e-type=\"section\" data-settings=\"{&quot;background_background&quot;:&quot;classic&quot;}\">\n\t\t\t\t\t\t<div class=\"elementor-container elementor-column-gap-no\">\n\t\t\t\t\t<div class=\"elementor-column elementor-col-100 elementor-top-column elementor-element elementor-element-2e80ec9c\" data-id=\"2e80ec9c\" data-element_type=\"column\" data-e-type=\"column\">\n\t\t\t<div class=\"elementor-widget-wrap elementor-element-populated\">\n\t\t\t\t\t\t<div class=\"elementor-element elementor-element-53f77d38 elementor-invisible elementor-widget elementor-widget-heading\" data-id=\"53f77d38\" data-element_type=\"widget\" data-e-type=\"widget\" data-settings=\"{&quot;_animation&quot;:&quot;fadeIn&quot;}\" data-widget_type=\"heading.default\">\n\t\t\t\t<div class=\"elementor-widget-container\">\n\t\t\t\t\t<h1 class=\"elementor-heading-title elementor-size-default\">Teilplanung<\/h1>\t\t\t\t<\/div>\n\t\t\t\t<\/div>\n\t\t\t\t\t<\/div>\n\t\t<\/div>\n\t\t\t\t\t<\/div>\n\t\t<\/section>\n\t\t\t\t<section class=\"elementor-section elementor-top-section elementor-element elementor-element-d4fa004 elementor-section-full_width elementor-section-height-min-height elementor-section-items-stretch elementor-section-content-middle elementor-section-height-default\" data-id=\"d4fa004\" data-element_type=\"section\" data-e-type=\"section\">\n\t\t\t\t\t\t<div class=\"elementor-container elementor-column-gap-no\">\n\t\t\t\t\t<div class=\"elementor-column elementor-col-100 elementor-top-column elementor-element elementor-element-b3093d3\" data-id=\"b3093d3\" data-element_type=\"column\" data-e-type=\"column\">\n\t\t\t<div class=\"elementor-widget-wrap elementor-element-populated\">\n\t\t\t\t\t\t<section class=\"elementor-section elementor-inner-section elementor-element elementor-element-be60914 elementor-section-full_width elementor-section-height-default elementor-section-height-default\" data-id=\"be60914\" data-element_type=\"section\" data-e-type=\"section\">\n\t\t\t\t\t\t<div class=\"elementor-container elementor-column-gap-default\">\n\t\t\t\t\t<div class=\"elementor-column elementor-col-33 elementor-inner-column elementor-element elementor-element-a1bb836\" data-id=\"a1bb836\" data-element_type=\"column\" data-e-type=\"column\">\n\t\t\t<div class=\"elementor-widget-wrap elementor-element-populated\">\n\t\t\t\t\t\t<div class=\"elementor-element elementor-element-bd13ad4 elementor-widget elementor-widget-image\" data-id=\"bd13ad4\" data-element_type=\"widget\" data-e-type=\"widget\" data-widget_type=\"image.default\">\n\t\t\t\t<div class=\"elementor-widget-container\">\n\t\t\t\t\t\t\t\t\t\t\t\t\t\t\t<img fetchpriority=\"high\" decoding=\"async\" width=\"683\" height=\"1024\" src=\"https:\/\/dw-weddings.com\/wp-content\/uploads\/2025\/08\/Elegante-Hochzeit-am-Bodensee-8-683x1024.jpg\" class=\"attachment-large size-large wp-image-5293\" alt=\"Braut und Br\u00e4utigam schneiden l\u00e4chelnd ihre Hochzeitstorte an einem Hochzeitswochenende in der sch\u00f6nen Bodensee-Region an.\" srcset=\"https:\/\/dw-weddings.com\/wp-content\/uploads\/2025\/08\/Elegante-Hochzeit-am-Bodensee-8-683x1024.jpg 683w, https:\/\/dw-weddings.com\/wp-content\/uploads\/2025\/08\/Elegante-Hochzeit-am-Bodensee-8-200x300.jpg 200w, https:\/\/dw-weddings.com\/wp-content\/uploads\/2025\/08\/Elegante-Hochzeit-am-Bodensee-8-768x1152.jpg 768w, https:\/\/dw-weddings.com\/wp-content\/uploads\/2025\/08\/Elegante-Hochzeit-am-Bodensee-8-1024x1536.jpg 1024w, https:\/\/dw-weddings.com\/wp-content\/uploads\/2025\/08\/Elegante-Hochzeit-am-Bodensee-8-1366x2048.jpg 1366w, https:\/\/dw-weddings.com\/wp-content\/uploads\/2025\/08\/Elegante-Hochzeit-am-Bodensee-8.jpg 1667w\" sizes=\"(max-width: 683px) 100vw, 683px\" \/>\t\t\t\t\t\t\t\t\t\t\t\t\t\t\t<\/div>\n\t\t\t\t<\/div>\n\t\t\t\t\t<\/div>\n\t\t<\/div>\n\t\t\t\t<div class=\"elementor-column elementor-col-33 elementor-inner-column elementor-element elementor-element-ce1b71a\" data-id=\"ce1b71a\" data-element_type=\"column\" data-e-type=\"column\">\n\t\t\t<div class=\"elementor-widget-wrap elementor-element-populated\">\n\t\t\t\t\t\t<div class=\"elementor-element elementor-element-8e537ff elementor-widget elementor-widget-image\" data-id=\"8e537ff\" data-element_type=\"widget\" data-e-type=\"widget\" data-widget_type=\"image.default\">\n\t\t\t\t<div class=\"elementor-widget-container\">\n\t\t\t\t\t\t\t\t\t\t\t\t\t\t\t<img decoding=\"async\" width=\"683\" height=\"1024\" src=\"https:\/\/dw-weddings.com\/wp-content\/uploads\/2025\/08\/Elegante-Hochzeit-am-Bodensee-190-683x1024.jpg\" class=\"attachment-large size-large wp-image-5362\" alt=\"Braut und Br\u00e4utigam umarmen und k\u00fcssen sich im Freien vor einer malerischen Kulisse und einer Stra\u00dfenlaterne im Hintergrund, um den Zauber ihres Hochzeitswochenendes in der malerischen Bodenseeregion festzuhalten.\" srcset=\"https:\/\/dw-weddings.com\/wp-content\/uploads\/2025\/08\/Elegante-Hochzeit-am-Bodensee-190-683x1024.jpg 683w, https:\/\/dw-weddings.com\/wp-content\/uploads\/2025\/08\/Elegante-Hochzeit-am-Bodensee-190-200x300.jpg 200w, https:\/\/dw-weddings.com\/wp-content\/uploads\/2025\/08\/Elegante-Hochzeit-am-Bodensee-190-768x1152.jpg 768w, https:\/\/dw-weddings.com\/wp-content\/uploads\/2025\/08\/Elegante-Hochzeit-am-Bodensee-190-1024x1536.jpg 1024w, https:\/\/dw-weddings.com\/wp-content\/uploads\/2025\/08\/Elegante-Hochzeit-am-Bodensee-190-1366x2048.jpg 1366w, https:\/\/dw-weddings.com\/wp-content\/uploads\/2025\/08\/Elegante-Hochzeit-am-Bodensee-190.jpg 1667w\" sizes=\"(max-width: 683px) 100vw, 683px\" \/>\t\t\t\t\t\t\t\t\t\t\t\t\t\t\t<\/div>\n\t\t\t\t<\/div>\n\t\t\t\t\t<\/div>\n\t\t<\/div>\n\t\t\t\t<div class=\"elementor-column elementor-col-33 elementor-inner-column elementor-element elementor-element-312c1ce\" data-id=\"312c1ce\" data-element_type=\"column\" data-e-type=\"column\">\n\t\t\t<div class=\"elementor-widget-wrap elementor-element-populated\">\n\t\t\t\t\t\t<div class=\"elementor-element elementor-element-a345ced elementor-widget elementor-widget-image\" data-id=\"a345ced\" data-element_type=\"widget\" data-e-type=\"widget\" data-widget_type=\"image.default\">\n\t\t\t\t<div class=\"elementor-widget-container\">\n\t\t\t\t\t\t\t\t\t\t\t\t\t\t\t<img decoding=\"async\" width=\"683\" height=\"1024\" src=\"https:\/\/dw-weddings.com\/wp-content\/uploads\/2024\/09\/Weddingplanner-Braut-Hochzeit-in-Lech-am-Arlberg-683x1024.jpg\" class=\"attachment-large size-large wp-image-2397\" alt=\"Eine Frau hilft einer Braut beim Anziehen ihres Kleides, w\u00e4hrend die Braut l\u00e4chelt und nach unten schaut. Sie steht vor einem Vorhang in der sch\u00f6nen Bodenseeregion nahe \u00d6sterreich und der Schweiz.\" srcset=\"https:\/\/dw-weddings.com\/wp-content\/uploads\/2024\/09\/Weddingplanner-Braut-Hochzeit-in-Lech-am-Arlberg-683x1024.jpg 683w, https:\/\/dw-weddings.com\/wp-content\/uploads\/2024\/09\/Weddingplanner-Braut-Hochzeit-in-Lech-am-Arlberg-200x300.jpg 200w, https:\/\/dw-weddings.com\/wp-content\/uploads\/2024\/09\/Weddingplanner-Braut-Hochzeit-in-Lech-am-Arlberg-768x1152.jpg 768w, https:\/\/dw-weddings.com\/wp-content\/uploads\/2024\/09\/Weddingplanner-Braut-Hochzeit-in-Lech-am-Arlberg-1024x1536.jpg 1024w, https:\/\/dw-weddings.com\/wp-content\/uploads\/2024\/09\/Weddingplanner-Braut-Hochzeit-in-Lech-am-Arlberg.jpg 1067w\" sizes=\"(max-width: 683px) 100vw, 683px\" \/>\t\t\t\t\t\t\t\t\t\t\t\t\t\t\t<\/div>\n\t\t\t\t<\/div>\n\t\t\t\t\t<\/div>\n\t\t<\/div>\n\t\t\t\t\t<\/div>\n\t\t<\/section>\n\t\t\t\t<div class=\"elementor-element elementor-element-609ed1c elementor-widget elementor-widget-spacer\" data-id=\"609ed1c\" data-element_type=\"widget\" data-e-type=\"widget\" data-widget_type=\"spacer.default\">\n\t\t\t\t<div class=\"elementor-widget-container\">\n\t\t\t\t\t\t\t<div class=\"elementor-spacer\">\n\t\t\t<div class=\"elementor-spacer-inner\"><\/div>\n\t\t<\/div>\n\t\t\t\t\t\t<\/div>\n\t\t\t\t<\/div>\n\t\t\t\t<div class=\"elementor-element elementor-element-fd83535 elementor-widget__width-initial elementor-widget elementor-widget-text-editor\" data-id=\"fd83535\" data-element_type=\"widget\" data-e-type=\"widget\" data-widget_type=\"text-editor.default\">\n\t\t\t\t<div class=\"elementor-widget-container\">\n\t\t\t\t\t\t\t\t\t<p>Ihr plant genauso gerne wie ich und habt eventuell schon einzelne Dienstleister f\u00fcr eure Hochzeit, w\u00fcnscht euch aber noch Unterst\u00fctzung bei der restlichen Dienstleistersuche und eine Struktur in der Planung? Dann kann ich euch die Teilplanung absolut empfehlen. Es wird im Vorfeld klar aufgeteilt, wer sich um welche Dienstleister k\u00fcmmert und wir halten uns st\u00e4ndig Up-to-date f\u00fcr eine klare \u00dcbersicht. Wir teilen uns die Planung auf, ich unterst\u00fctze euch und behalte das Gesamtkonzept im \u00dcberblick.<\/p>\t\t\t\t\t\t\t\t<\/div>\n\t\t\t\t<\/div>\n\t\t\t\t<div class=\"elementor-element elementor-element-7015d5c elementor-widget elementor-widget-text-editor\" data-id=\"7015d5c\" data-element_type=\"widget\" data-e-type=\"widget\" data-widget_type=\"text-editor.default\">\n\t\t\t\t<div class=\"elementor-widget-container\">\n\t\t\t\t\t\t\t\t\t<p style=\"text-align: left;\">Ablauf der Teilplanung:<\/p>\t\t\t\t\t\t\t\t<\/div>\n\t\t\t\t<\/div>\n\t\t\t\t<div class=\"elementor-element elementor-element-c22ea29 elementor-widget__width-initial elementor-widget elementor-widget-text-editor\" data-id=\"c22ea29\" data-element_type=\"widget\" data-e-type=\"widget\" data-widget_type=\"text-editor.default\">\n\t\t\t\t<div class=\"elementor-widget-container\">\n\t\t\t\t\t\t\t\t\t<ul><li style=\"text-align: left;\">2 &#8211; 3 Planungsgespr\u00e4che und eine laufende Abstimmung untereinander\u00a0<\/li><li>Erstellung von Budget- und Zeitplan, welche individuell auf Euch angepasst sind<\/li><li>Einholung der Angebote und Vermittlung mit (ca.) 50 % der gew\u00fcnschten Hochzeitsdienstleistern<\/li><li>Konkrete Absprache und Koordination mit den von mir gebuchten Hochzeitsdienstleistern<\/li><li>Betreuung und Beratung w\u00e4hrend der gesamten Planungsphase<\/li><\/ul>\t\t\t\t\t\t\t\t<\/div>\n\t\t\t\t<\/div>\n\t\t\t\t<div class=\"elementor-element elementor-element-3d1ed00 elementor-align-left elementor-tablet-align-left elementor-widget elementor-widget-global elementor-global-8937 elementor-widget-button\" data-id=\"3d1ed00\" data-element_type=\"widget\" data-e-type=\"widget\" data-widget_type=\"button.default\">\n\t\t\t\t<div class=\"elementor-widget-container\">\n\t\t\t\t\t\t\t\t\t<div class=\"elementor-button-wrapper\">\n\t\t\t\t\t<a class=\"elementor-button elementor-button-link elementor-size-sm elementor-animation-hang\" href=\"https:\/\/dw-weddings.com\/en\/kontakt\/\">\n\t\t\t\t\t\t<span class=\"elementor-button-content-wrapper\">\n\t\t\t\t\t\t\t\t\t<span class=\"elementor-button-text\">ZUM KOSTENLOSEN BERATUNGSGESPR\u00c4CH \u27f6<\/span>\n\t\t\t\t\t<\/span>\n\t\t\t\t\t<\/a>\n\t\t\t\t<\/div>\n\t\t\t\t\t\t\t\t<\/div>\n\t\t\t\t<\/div>\n\t\t\t\t\t<\/div>\n\t\t<\/div>\n\t\t\t\t\t<\/div>\n\t\t<\/section>\n\t\t<div class=\"elementor-element elementor-element-1f04b7c elementor-hidden-mobile e-flex e-con-boxed e-con e-parent\" data-id=\"1f04b7c\" data-element_type=\"container\" data-e-type=\"container\" data-settings=\"{&quot;background_background&quot;:&quot;classic&quot;}\">\n\t\t\t\t\t<div class=\"e-con-inner\">\n\t\t\t\t\t<\/div>\n\t\t\t\t<\/div>\n\t\t<div class=\"elementor-element elementor-element-11d39a6 e-flex e-con-boxed e-con e-parent\" data-id=\"11d39a6\" data-element_type=\"container\" data-e-type=\"container\" data-settings=\"{&quot;background_background&quot;:&quot;classic&quot;}\">\n\t\t\t\t\t<div class=\"e-con-inner\">\n\t\t\t\t<div class=\"elementor-element elementor-element-f6d16b4 elementor-widget elementor-widget-image\" data-id=\"f6d16b4\" data-element_type=\"widget\" data-e-type=\"widget\" data-widget_type=\"image.default\">\n\t\t\t\t<div class=\"elementor-widget-container\">\n\t\t\t\t\t\t\t\t\t\t\t\t\t\t\t<img loading=\"lazy\" decoding=\"async\" width=\"800\" height=\"800\" src=\"https:\/\/dw-weddings.com\/wp-content\/uploads\/2026\/04\/denise-wolf-weddings-logo3-1024x1024.png\" class=\"attachment-large size-large wp-image-9531\" alt=\"\" srcset=\"https:\/\/dw-weddings.com\/wp-content\/uploads\/2026\/04\/denise-wolf-weddings-logo3-1024x1024.png 1024w, https:\/\/dw-weddings.com\/wp-content\/uploads\/2026\/04\/denise-wolf-weddings-logo3-300x300.png 300w, https:\/\/dw-weddings.com\/wp-content\/uploads\/2026\/04\/denise-wolf-weddings-logo3-150x150.png 150w, https:\/\/dw-weddings.com\/wp-content\/uploads\/2026\/04\/denise-wolf-weddings-logo3-768x768.png 768w, https:\/\/dw-weddings.com\/wp-content\/uploads\/2026\/04\/denise-wolf-weddings-logo3-1536x1536.png 1536w, https:\/\/dw-weddings.com\/wp-content\/uploads\/2026\/04\/denise-wolf-weddings-logo3-2048x2048.png 2048w, https:\/\/dw-weddings.com\/wp-content\/uploads\/2026\/04\/denise-wolf-weddings-logo3-12x12.png 12w\" sizes=\"(max-width: 800px) 100vw, 800px\" \/>\t\t\t\t\t\t\t\t\t\t\t\t\t\t\t<\/div>\n\t\t\t\t<\/div>\n\t\t\t\t\t<\/div>\n\t\t\t\t<\/div>\n\t\t<div class=\"elementor-element elementor-element-cbbbd70 e-flex e-con-boxed e-con e-parent\" data-id=\"cbbbd70\" data-element_type=\"container\" data-e-type=\"container\">\n\t\t\t\t\t<div class=\"e-con-inner\">\n\t\t<div class=\"elementor-element elementor-element-41bbaaf e-con-full e-flex e-con e-child\" data-id=\"41bbaaf\" data-element_type=\"container\" data-e-type=\"container\">\n\t\t\t\t<div class=\"elementor-element elementor-element-53acd5b elementor-widget elementor-widget-heading\" data-id=\"53acd5b\" data-element_type=\"widget\" data-e-type=\"widget\" data-widget_type=\"heading.default\">\n\t\t\t\t<div class=\"elementor-widget-container\">\n\t\t\t\t\t<h2 class=\"elementor-heading-title elementor-size-default\">Eure Vorteile bei der Teilplanung<\/h2>\t\t\t\t<\/div>\n\t\t\t\t<\/div>\n\t\t<div class=\"elementor-element elementor-element-b27e534 e-con-full e-flex e-con e-child\" data-id=\"b27e534\" data-element_type=\"container\" data-e-type=\"container\">\n\t\t<div class=\"elementor-element elementor-element-2007798 e-con-full e-flex e-con e-child\" data-id=\"2007798\" data-element_type=\"container\" data-e-type=\"container\">\n\t\t\t\t<div class=\"elementor-element elementor-element-5e979b9 elementor-widget elementor-widget-text-editor\" data-id=\"5e979b9\" data-element_type=\"widget\" data-e-type=\"widget\" data-widget_type=\"text-editor.default\">\n\t\t\t\t<div class=\"elementor-widget-container\">\n\t\t\t\t\t\t\t\t\t<p data-start=\"53\" data-end=\"372\">Warum alles selbst planen, wenn man die Aufgaben auch aufteilen kann? Ihr habt vielleicht schon Fotograf, Location und DJ, aber keine Lust, noch Florist, Papeterie oder Konditor zu suchen? Genau hier komme ich ins Spiel. Ihr gebt mir die weniger spa\u00dfigen Recherchen ab und konzentriert euch auf das, was Freude macht.<\/p><p data-start=\"374\" data-end=\"585\">Schon wenn euch jemand bei der H\u00e4lfte der Planung unterst\u00fctzt, ist das Gold wert f\u00fcr eure Nerven.<\/p>\t\t\t\t\t\t\t\t<\/div>\n\t\t\t\t<\/div>\n\t\t\t\t<\/div>\n\t\t<div class=\"elementor-element elementor-element-3f8ec88 e-con-full e-flex e-con e-child\" data-id=\"3f8ec88\" data-element_type=\"container\" data-e-type=\"container\">\n\t\t\t\t<div class=\"elementor-element elementor-element-e7dd710 elementor-widget elementor-widget-text-editor\" data-id=\"e7dd710\" data-element_type=\"widget\" data-e-type=\"widget\" data-widget_type=\"text-editor.default\">\n\t\t\t\t<div class=\"elementor-widget-container\">\n\t\t\t\t\t\t\t\t\t<p data-start=\"374\" data-end=\"585\">Von Anfang an \u00fcbernehme ich die Koordination der von mir gebuchten Dienstleister und habe euer Budget im Blick.<\/p><p data-start=\"587\" data-end=\"817\">So habt ihr zwar einen Teil eurer Hochzeit selbst geplant, aber immer jemanden an der Seite, der Fragen beantwortet und den \u00dcberblick beh\u00e4lt. Mit einem klaren Fahrplan f\u00fcr euren gro\u00dfen Tag steht der Vorfreude nichts mehr im Weg.<\/p>\t\t\t\t\t\t\t\t<\/div>\n\t\t\t\t<\/div>\n\t\t\t\t<\/div>\n\t\t\t\t<\/div>\n\t\t\t\t<div class=\"elementor-element elementor-element-baff135 elementor-align-left elementor-tablet-align-left elementor-widget elementor-widget-global elementor-global-8937 elementor-widget-button\" data-id=\"baff135\" data-element_type=\"widget\" data-e-type=\"widget\" data-widget_type=\"button.default\">\n\t\t\t\t<div class=\"elementor-widget-container\">\n\t\t\t\t\t\t\t\t\t<div class=\"elementor-button-wrapper\">\n\t\t\t\t\t<a class=\"elementor-button elementor-button-link elementor-size-sm elementor-animation-hang\" href=\"https:\/\/dw-weddings.com\/en\/kontakt\/\">\n\t\t\t\t\t\t<span class=\"elementor-button-content-wrapper\">\n\t\t\t\t\t\t\t\t\t<span class=\"elementor-button-text\">ZUM KOSTENLOSEN BERATUNGSGESPR\u00c4CH \u27f6<\/span>\n\t\t\t\t\t<\/span>\n\t\t\t\t\t<\/a>\n\t\t\t\t<\/div>\n\t\t\t\t\t\t\t\t<\/div>\n\t\t\t\t<\/div>\n\t\t\t\t<\/div>\n\t\t\t\t\t<\/div>\n\t\t\t\t<\/div>\n\t\t\t\t<section class=\"elementor-section elementor-top-section elementor-element elementor-element-45406589 elementor-section-height-min-height elementor-section-full_width elementor-section-items-stretch elementor-section-content-middle elementor-section-height-default\" data-id=\"45406589\" data-element_type=\"section\" data-e-type=\"section\" data-settings=\"{&quot;background_background&quot;:&quot;classic&quot;}\">\n\t\t\t\t\t\t<div class=\"elementor-container elementor-column-gap-no\">\n\t\t\t\t\t<div class=\"elementor-column elementor-col-50 elementor-top-column elementor-element elementor-element-8f85df4\" data-id=\"8f85df4\" data-element_type=\"column\" data-e-type=\"column\" data-settings=\"{&quot;background_background&quot;:&quot;classic&quot;}\">\n\t\t\t<div class=\"elementor-widget-wrap elementor-element-populated\">\n\t\t\t\t\t\t<div class=\"elementor-element elementor-element-f27f542 elementor-widget elementor-widget-heading\" data-id=\"f27f542\" data-element_type=\"widget\" data-e-type=\"widget\" data-widget_type=\"heading.default\">\n\t\t\t\t<div class=\"elementor-widget-container\">\n\t\t\t\t\t<h2 class=\"elementor-heading-title elementor-size-default\">Kontakt aufnehmen<\/h2>\t\t\t\t<\/div>\n\t\t\t\t<\/div>\n\t\t\t\t<div class=\"elementor-element elementor-element-51c858a2 elementor-widget elementor-widget-text-editor\" data-id=\"51c858a2\" data-element_type=\"widget\" data-e-type=\"widget\" data-widget_type=\"text-editor.default\">\n\t\t\t\t<div class=\"elementor-widget-container\">\n\t\t\t\t\t\t\t\t\t<p style=\"text-align: left;\">Na, neugierig geworden?\u00a0 Meldet euch doch gerne \u00fcber das Kontaktformular, ich freue mich von euch zu h\u00f6ren und werde mich innerhalb von 48 h bei euch melden.<\/p>\t\t\t\t\t\t\t\t<\/div>\n\t\t\t\t<\/div>\n\t\t\t\t<div class=\"elementor-element elementor-element-598924a elementor-align-left elementor-tablet-align-left elementor-widget elementor-widget-global elementor-global-8937 elementor-widget-button\" data-id=\"598924a\" data-element_type=\"widget\" data-e-type=\"widget\" data-widget_type=\"button.default\">\n\t\t\t\t<div class=\"elementor-widget-container\">\n\t\t\t\t\t\t\t\t\t<div class=\"elementor-button-wrapper\">\n\t\t\t\t\t<a class=\"elementor-button elementor-button-link elementor-size-sm elementor-animation-hang\" href=\"https:\/\/dw-weddings.com\/en\/kontakt\/\">\n\t\t\t\t\t\t<span class=\"elementor-button-content-wrapper\">\n\t\t\t\t\t\t\t\t\t<span class=\"elementor-button-text\">ZUM KOSTENLOSEN BERATUNGSGESPR\u00c4CH \u27f6<\/span>\n\t\t\t\t\t<\/span>\n\t\t\t\t\t<\/a>\n\t\t\t\t<\/div>\n\t\t\t\t\t\t\t\t<\/div>\n\t\t\t\t<\/div>\n\t\t\t\t\t<\/div>\n\t\t<\/div>\n\t\t\t\t<div class=\"elementor-column elementor-col-50 elementor-top-column elementor-element elementor-element-bd80bd4\" data-id=\"bd80bd4\" data-element_type=\"column\" data-e-type=\"column\" data-settings=\"{&quot;background_background&quot;:&quot;classic&quot;,&quot;background_motion_fx_motion_fx_scrolling&quot;:&quot;yes&quot;,&quot;background_motion_fx_translateY_effect&quot;:&quot;yes&quot;,&quot;background_motion_fx_translateY_direction&quot;:&quot;negative&quot;,&quot;background_motion_fx_translateY_speed&quot;:{&quot;unit&quot;:&quot;px&quot;,&quot;size&quot;:4,&quot;sizes&quot;:[]},&quot;background_motion_fx_translateY_affectedRange&quot;:{&quot;unit&quot;:&quot;%&quot;,&quot;size&quot;:&quot;&quot;,&quot;sizes&quot;:{&quot;start&quot;:0,&quot;end&quot;:100}},&quot;background_motion_fx_devices&quot;:[&quot;desktop&quot;,&quot;tablet&quot;,&quot;mobile&quot;]}\">\n\t\t\t<div class=\"elementor-widget-wrap elementor-element-populated\">\n\t\t\t\t\t\t<div class=\"elementor-element elementor-element-6db5241b elementor-widget elementor-widget-spacer\" data-id=\"6db5241b\" data-element_type=\"widget\" data-e-type=\"widget\" data-widget_type=\"spacer.default\">\n\t\t\t\t<div class=\"elementor-widget-container\">\n\t\t\t\t\t\t\t<div class=\"elementor-spacer\">\n\t\t\t<div class=\"elementor-spacer-inner\"><\/div>\n\t\t<\/div>\n\t\t\t\t\t\t<\/div>\n\t\t\t\t<\/div>\n\t\t\t\t\t<\/div>\n\t\t<\/div>\n\t\t\t\t\t<\/div>\n\t\t<\/section>\n\t\t\t\t<\/div>\n\t\t","protected":false},"excerpt":{"rendered":"<p>Teilplanung Ihr plant genauso gerne wie ich und habt eventuell schon einzelne Dienstleister f\u00fcr eure Hochzeit, w\u00fcnscht euch aber noch Unterst\u00fctzung bei der restlichen Dienstleistersuche und eine Struktur in der Planung? Dann kann ich euch die Teilplanung absolut empfehlen. Es wird im Vorfeld klar aufgeteilt, wer sich um welche Dienstleister k\u00fcmmert und wir halten uns [&hellip;]<\/p>\n","protected":false},"author":1,"featured_media":0,"parent":0,"menu_order":0,"comment_status":"closed","ping_status":"closed","template":"elementor_header_footer","meta":{"_acf_changed":false,"footnotes":""},"class_list":["post-157","page","type-page","status-publish","hentry"],"acf":[],"_links":{"self":[{"href":"https:\/\/dw-weddings.com\/en\/wp-json\/wp\/v2\/pages\/157","targetHints":{"allow":["GET"]}}],"collection":[{"href":"https:\/\/dw-weddings.com\/en\/wp-json\/wp\/v2\/pages"}],"about":[{"href":"https:\/\/dw-weddings.com\/en\/wp-json\/wp\/v2\/types\/page"}],"author":[{"embeddable":true,"href":"https:\/\/dw-weddings.com\/en\/wp-json\/wp\/v2\/users\/1"}],"replies":[{"embeddable":true,"href":"https:\/\/dw-weddings.com\/en\/wp-json\/wp\/v2\/comments?post=157"}],"version-history":[{"count":10,"href":"https:\/\/dw-weddings.com\/en\/wp-json\/wp\/v2\/pages\/157\/revisions"}],"predecessor-version":[{"id":9563,"href":"https:\/\/dw-weddings.com\/en\/wp-json\/wp\/v2\/pages\/157\/revisions\/9563"}],"wp:attachment":[{"href":"https:\/\/dw-weddings.com\/en\/wp-json\/wp\/v2\/media?parent=157"}],"curies":[{"name":"wp","href":"https:\/\/api.w.org\/{rel}","templated":true}]}}